{"id":2647,"date":"2025-11-07T10:50:41","date_gmt":"2025-11-07T15:50:41","guid":{"rendered":"https:\/\/www.exportechquebec.ca\/chalet-inc\/?page_id=2647"},"modified":"2025-11-07T14:52:42","modified_gmt":"2025-11-07T19:52:42","slug":"soirees-dansantes","status":"publish","type":"page","link":"https:\/\/www.exportechquebec.ca\/chalet-inc\/soirees-dansantes\/","title":{"rendered":"Soir\u00e9es dansantes"},"content":{"rendered":"\n<h2 class=\"wp-block-heading has-text-color has-link-color coblocks-animate wp-elements-e185dce832ada58e6c7c61eff21ee611\" style=\"color:#038454\" data-coblocks-animation=\"zoomIn\">Venez c\u00e9l\u00e9brer en toute occasion!<\/h2>\n\n\n<style>.kb-row-layout-id2647_ad02a4-a0 > .kt-row-column-wrap{align-content:start;}:where(.kb-row-layout-id2647_ad02a4-a0 > .kt-row-column-wrap) > .wp-block-kadence-column{justify-content:start;}.kb-row-layout-id2647_ad02a4-a0 > .kt-row-column-wrap{column-gap:var(--global-kb-gap-md, 2rem);row-gap:var(--global-kb-gap-md, 2rem);padding-top:var(--global-kb-spacing-sm, 1.5rem);padding-bottom:var(--global-kb-spacing-sm, 1.5rem);grid-template-columns:repeat(2, minmax(0, 1fr));}.kb-row-layout-id2647_ad02a4-a0 > .kt-row-layout-overlay{opacity:0.30;}@media all and (max-width: 1024px){.kb-row-layout-id2647_ad02a4-a0 > .kt-row-column-wrap{grid-template-columns:repeat(2, minmax(0, 1fr));}}@media all and (max-width: 767px){.kb-row-layout-id2647_ad02a4-a0 > .kt-row-column-wrap{grid-template-columns:minmax(0, 1fr);}}<\/style><div class=\"kb-row-layout-wrap kb-row-layout-id2647_ad02a4-a0 alignnone wp-block-kadence-rowlayout\"><div class=\"kt-row-column-wrap kt-has-2-columns kt-row-layout-equal kt-tab-layout-inherit kt-mobile-layout-row kt-row-valign-top\">\n<style>.kadence-column2647_a9edaa-42 > .kt-inside-inner-col,.kadence-column2647_a9edaa-42 > .kt-inside-inner-col:before{border-top-left-radius:0px;border-top-right-radius:0px;border-bottom-right-radius:0px;border-bottom-left-radius:0px;}.kadence-column2647_a9edaa-42 > .kt-inside-inner-col{column-gap:var(--global-kb-gap-sm, 1rem);}.kadence-column2647_a9edaa-42 > .kt-inside-inner-col{flex-direction:column;}.kadence-column2647_a9edaa-42 > .kt-inside-inner-col > .aligncenter{width:100%;}.kadence-column2647_a9edaa-42 > .kt-inside-inner-col:before{opacity:0.3;}.kadence-column2647_a9edaa-42{position:relative;}@media all and (max-width: 1024px){.kadence-column2647_a9edaa-42 > .kt-inside-inner-col{flex-direction:column;}}@media all and (max-width: 767px){.kadence-column2647_a9edaa-42 > .kt-inside-inner-col{flex-direction:column;}}<\/style>\n<div class=\"wp-block-kadence-column kadence-column2647_a9edaa-42\"><div class=\"kt-inside-inner-col\">\n<p>Pour l&rsquo;animation de votre soir\u00e9e, faites confiance \u00e0 notre DJ professionnel.<\/p>\n\n\n\n<p>Il saura adapter les styles musicaux selon vos go\u00fbts et vous permettra de passer une soir\u00e9e inoubliable!<\/p>\n\n\n\n<blockquote class=\"wp-block-quote is-layout-flow wp-block-quote-is-layout-flow\">\n<p><strong>Pour un groupe jusqu&rsquo;\u00e0 100 personnes: 200 $ *<\/strong><\/p>\n<cite>* Taxes en sus<\/cite><\/blockquote>\n\n\n<style>.wp-block-kadence-advancedbtn.kb-btns2647_5a4943-6e{gap:var(--global-kb-gap-xs, 0.5rem );justify-content:flex-end;align-items:center;}.kt-btns2647_5a4943-6e .kt-button{font-weight:normal;font-style:normal;}.kt-btns2647_5a4943-6e .kt-btn-wrap-0{margin-right:5px;}.wp-block-kadence-advancedbtn.kt-btns2647_5a4943-6e .kt-btn-wrap-0 .kt-button{color:#555555;border-color:#555555;}.wp-block-kadence-advancedbtn.kt-btns2647_5a4943-6e .kt-btn-wrap-0 .kt-button:hover, .wp-block-kadence-advancedbtn.kt-btns2647_5a4943-6e .kt-btn-wrap-0 .kt-button:focus{color:#ffffff;border-color:#444444;}.wp-block-kadence-advancedbtn.kt-btns2647_5a4943-6e .kt-btn-wrap-0 .kt-button::before{display:none;}.wp-block-kadence-advancedbtn.kt-btns2647_5a4943-6e .kt-btn-wrap-0 .kt-button:hover, .wp-block-kadence-advancedbtn.kt-btns2647_5a4943-6e .kt-btn-wrap-0 .kt-button:focus{background:#444444;}<\/style>\n<div class=\"wp-block-kadence-advancedbtn kb-buttons-wrap kb-btns2647_5a4943-6e\"><style>ul.menu .wp-block-kadence-advancedbtn .kb-btn2647_e0f073-6c.kb-button{width:initial;}.wp-block-kadence-advancedbtn .kb-btn2647_e0f073-6c.kb-button{background:#038454;border-top-left-radius:10px;border-top-right-radius:10px;border-bottom-right-radius:10px;border-bottom-left-radius:10px;}.wp-block-kadence-advancedbtn .kb-btn2647_e0f073-6c.kb-button:hover, .wp-block-kadence-advancedbtn .kb-btn2647_e0f073-6c.kb-button:focus{background:#a0db3f;border-top-left-radius:10px;border-top-right-radius:10px;border-bottom-right-radius:10px;border-bottom-left-radius:10px;}@media all and (max-width: 1024px){.kb-btn2647_e0f073-6c.kb-button .kb-svg-icon-wrap{display:block;}}<\/style><a class=\"kb-button kt-button button kb-btn2647_e0f073-6c kt-btn-size-standard kt-btn-width-type-auto kb-btn-global-fill kt-btn-has-text-true kt-btn-has-svg-true wp-block-kadence-singlebtn\" href=\"https:\/\/www.exportechquebec.ca\/chalet-inc\/prendre-un-rendez-vous\/\"><span class=\"kb-svg-icon-wrap kb-svg-icon-fe_calendar kt-btn-icon-side-left\"><svg viewBox=\"0 0 24 24\"  fill=\"none\" stroke=\"currentColor\" stroke-width=\"2\" stroke-linecap=\"round\" stroke-linejoin=\"round\" xmlns=\"http:\/\/www.w3.org\/2000\/svg\"  aria-hidden=\"true\"><rect x=\"3\" y=\"4\" width=\"18\" height=\"18\" rx=\"2\" ry=\"2\"\/><line x1=\"16\" y1=\"2\" x2=\"16\" y2=\"6\"\/><line x1=\"8\" y1=\"2\" x2=\"8\" y2=\"6\"\/><line x1=\"3\" y1=\"10\" x2=\"21\" y2=\"10\"\/><\/svg><\/span><span class=\"kt-btn-inner-text\">Prendre un rendez-vous<\/span><\/a><\/div>\n<\/div><\/div>\n\n\n<style>.kadence-column2647_8c7905-34 > .kt-inside-inner-col,.kadence-column2647_8c7905-34 > .kt-inside-inner-col:before{border-top-left-radius:0px;border-top-right-radius:0px;border-bottom-right-radius:0px;border-bottom-left-radius:0px;}.kadence-column2647_8c7905-34 > .kt-inside-inner-col{column-gap:var(--global-kb-gap-sm, 1rem);}.kadence-column2647_8c7905-34 > .kt-inside-inner-col{flex-direction:column;}.kadence-column2647_8c7905-34 > .kt-inside-inner-col > .aligncenter{width:100%;}.kadence-column2647_8c7905-34 > .kt-inside-inner-col:before{opacity:0.3;}.kadence-column2647_8c7905-34{position:relative;}@media all and (max-width: 1024px){.kadence-column2647_8c7905-34 > .kt-inside-inner-col{flex-direction:column;}}@media all and (max-width: 767px){.kadence-column2647_8c7905-34 > .kt-inside-inner-col{flex-direction:column;}}<\/style>\n<div class=\"wp-block-kadence-column kadence-column2647_8c7905-34\"><div class=\"kt-inside-inner-col\">\n<figure class=\"wp-block-image size-large\"><img loading=\"lazy\" decoding=\"async\" width=\"1024\" height=\"576\" src=\"https:\/\/www.exportechquebec.ca\/chalet-inc\/wp-content\/uploads\/2025\/11\/PartyFete_07-1024x576.jpg\" alt=\"\" class=\"wp-image-2702\" srcset=\"https:\/\/www.exportechquebec.ca\/chalet-inc\/wp-content\/uploads\/2025\/11\/PartyFete_07-1024x576.jpg 1024w, https:\/\/www.exportechquebec.ca\/chalet-inc\/wp-content\/uploads\/2025\/11\/PartyFete_07-300x169.jpg 300w, https:\/\/www.exportechquebec.ca\/chalet-inc\/wp-content\/uploads\/2025\/11\/PartyFete_07-768x432.jpg 768w, https:\/\/www.exportechquebec.ca\/chalet-inc\/wp-content\/uploads\/2025\/11\/PartyFete_07-1536x864.jpg 1536w, https:\/\/www.exportechquebec.ca\/chalet-inc\/wp-content\/uploads\/2025\/11\/PartyFete_07-400x225.jpg 400w, https:\/\/www.exportechquebec.ca\/chalet-inc\/wp-content\/uploads\/2025\/11\/PartyFete_07-500x281.jpg 500w, https:\/\/www.exportechquebec.ca\/chalet-inc\/wp-content\/uploads\/2025\/11\/PartyFete_07-600x338.jpg 600w, https:\/\/www.exportechquebec.ca\/chalet-inc\/wp-content\/uploads\/2025\/11\/PartyFete_07.jpg 1920w\" sizes=\"(max-width: 1024px) 100vw, 1024px\" \/><\/figure>\n<\/div><\/div>\n\n<\/div><\/div>","protected":false},"excerpt":{"rendered":"<p>Venez c\u00e9l\u00e9brer en toute occasion! Pour l&rsquo;animation de votre soir\u00e9e, faites confiance \u00e0 notre DJ professionnel. Il saura adapter les styles musicaux selon vos go\u00fbts et vous permettra de passer une soir\u00e9e inoubliable! Pour un groupe jusqu&rsquo;\u00e0 100 personnes: 200 $ *<\/p>\n","protected":false},"author":1,"featured_media":0,"parent":0,"menu_order":0,"comment_status":"closed","ping_status":"closed","template":"","meta":{"_acf_changed":false,"_coblocks_attr":"","_coblocks_dimensions":"","_coblocks_responsive_height":"","_coblocks_accordion_ie_support":"","content-type":"","_kadence_starter_templates_imported_post":false,"_kad_post_transparent":"","_kad_post_title":"","_kad_post_layout":"","_kad_post_sidebar_id":"","_kad_post_content_style":"","_kad_post_vertical_padding":"","_kad_post_feature":"","_kad_post_feature_position":"","_kad_post_header":false,"_kad_post_footer":false,"footnotes":""},"acf":[],"_links":{"self":[{"href":"https:\/\/www.exportechquebec.ca\/chalet-inc\/wp-json\/wp\/v2\/pages\/2647"}],"collection":[{"href":"https:\/\/www.exportechquebec.ca\/chalet-inc\/wp-json\/wp\/v2\/pages"}],"about":[{"href":"https:\/\/www.exportechquebec.ca\/chalet-inc\/wp-json\/wp\/v2\/types\/page"}],"author":[{"embeddable":true,"href":"https:\/\/www.exportechquebec.ca\/chalet-inc\/wp-json\/wp\/v2\/users\/1"}],"replies":[{"embeddable":true,"href":"https:\/\/www.exportechquebec.ca\/chalet-inc\/wp-json\/wp\/v2\/comments?post=2647"}],"version-history":[{"count":5,"href":"https:\/\/www.exportechquebec.ca\/chalet-inc\/wp-json\/wp\/v2\/pages\/2647\/revisions"}],"predecessor-version":[{"id":2723,"href":"https:\/\/www.exportechquebec.ca\/chalet-inc\/wp-json\/wp\/v2\/pages\/2647\/revisions\/2723"}],"wp:attachment":[{"href":"https:\/\/www.exportechquebec.ca\/chalet-inc\/wp-json\/wp\/v2\/media?parent=2647"}],"curies":[{"name":"wp","href":"https:\/\/api.w.org\/{rel}","templated":true}]}}