{"id":2646,"date":"2025-11-07T10:50:41","date_gmt":"2025-11-07T15:50:41","guid":{"rendered":"https:\/\/www.exportechquebec.ca\/chalet-inc\/?page_id=2646"},"modified":"2025-11-07T14:50:22","modified_gmt":"2025-11-07T19:50:22","slug":"massotherapie","status":"publish","type":"page","link":"https:\/\/www.exportechquebec.ca\/chalet-inc\/massotherapie\/","title":{"rendered":"Massoth\u00e9rapie"},"content":{"rendered":"<style>.wp-block-kadence-advancedheading.kt-adv-heading2646_36324f-ad, .wp-block-kadence-advancedheading.kt-adv-heading2646_36324f-ad[data-kb-block=\"kb-adv-heading2646_36324f-ad\"]{font-style:normal;color:#038454;}.wp-block-kadence-advancedheading.kt-adv-heading2646_36324f-ad mark.kt-highlight, .wp-block-kadence-advancedheading.kt-adv-heading2646_36324f-ad[data-kb-block=\"kb-adv-heading2646_36324f-ad\"] mark.kt-highlight{font-style:normal;color:#f76a0c;-webkit-box-decoration-break:clone;box-decoration-break:clone;padding-top:0px;padding-right:0px;padding-bottom:0px;padding-left:0px;}<\/style>\n<h2 class=\"kt-adv-heading2646_36324f-ad wp-block-kadence-advancedheading\" data-kb-block=\"kb-adv-heading2646_36324f-ad\">SOINS DE MASSOTH\u00c9RAPIE<\/h2>\n\n\n\n<ul><\/ul>\n\n\n<style>.kb-row-layout-id2646_6e525a-c5 > .kt-row-column-wrap{align-content:start;}:where(.kb-row-layout-id2646_6e525a-c5 > .kt-row-column-wrap) > .wp-block-kadence-column{justify-content:start;}.kb-row-layout-id2646_6e525a-c5 > .kt-row-column-wrap{column-gap:var(--global-kb-gap-md, 2rem);row-gap:var(--global-kb-gap-md, 2rem);padding-top:var(--global-kb-spacing-sm, 1.5rem);grid-template-columns:minmax(0, calc(55% - ((var(--global-kb-gap-md, 2rem) * 1 )\/2)))minmax(0, calc(45% - ((var(--global-kb-gap-md, 2rem) * 1 )\/2)));}.kb-row-layout-id2646_6e525a-c5 > .kt-row-layout-overlay{opacity:0.30;}@media all and (max-width: 1024px){.kb-row-layout-id2646_6e525a-c5 > .kt-row-column-wrap{grid-template-columns:repeat(2, minmax(0, 1fr));}}@media all and (max-width: 767px){.kb-row-layout-id2646_6e525a-c5 > .kt-row-column-wrap{grid-template-columns:minmax(0, 1fr);}}<\/style><div class=\"kb-row-layout-wrap kb-row-layout-id2646_6e525a-c5 alignnone wp-block-kadence-rowlayout\"><div class=\"kt-row-column-wrap kt-has-2-columns kt-row-layout-equal kt-tab-layout-inherit kt-mobile-layout-row kt-row-valign-top\">\n<style>.kadence-column2646_61b73c-6a > .kt-inside-inner-col,.kadence-column2646_61b73c-6a > .kt-inside-inner-col:before{border-top-left-radius:0px;border-top-right-radius:0px;border-bottom-right-radius:0px;border-bottom-left-radius:0px;}.kadence-column2646_61b73c-6a > .kt-inside-inner-col{column-gap:var(--global-kb-gap-sm, 1rem);}.kadence-column2646_61b73c-6a > .kt-inside-inner-col{flex-direction:column;}.kadence-column2646_61b73c-6a > .kt-inside-inner-col > .aligncenter{width:100%;}.kadence-column2646_61b73c-6a > .kt-inside-inner-col:before{opacity:0.3;}.kadence-column2646_61b73c-6a{position:relative;}@media all and (max-width: 1024px){.kadence-column2646_61b73c-6a > .kt-inside-inner-col{flex-direction:column;}}@media all and (max-width: 767px){.kadence-column2646_61b73c-6a > .kt-inside-inner-col{flex-direction:column;}}<\/style>\n<div class=\"wp-block-kadence-column kadence-column2646_61b73c-6a\"><div class=\"kt-inside-inner-col\">\n<p><strong>Quatre types de soins au choix<\/strong><\/p>\n\n\n\n<blockquote class=\"wp-block-quote is-layout-flow wp-block-quote-is-layout-flow\">\n<p><strong>Pour un soin de 60 minutes : 120 $ *<\/strong><\/p>\n<cite>* Taxes en sus<\/cite><\/blockquote>\n\n\n\n<h3 class=\"wp-block-heading has-text-color has-link-color wp-elements-47b370567aeb37fcb7033348735384ae\" style=\"color:#038454\">Massage su\u00e9dois<\/h3>\n\n\n\n<p>Il permet d&rsquo;acc\u00e9der \u00e0 un \u00e9tat de grande d\u00e9tente physique et psychologique.<\/p>\n\n\n\n<ul>\n<li>Augmentation de la circulation sanguine.<\/li>\n\n\n\n<li>R\u00e9duction des tensions musculaires.<\/li>\n\n\n\n<li>\u00c9limination des toxines.<\/li>\n\n\n\n<li>Il donne un excellent moyen de contr\u00f4ler son stress.<\/li>\n\n\n\n<li>Il nous donne la possibilit\u00e9 de nous \u00ab recharger \u00bb au point de vue \u00e9nerg\u00e9tique.<\/li>\n<\/ul>\n<\/div><\/div>\n\n\n<style>.kadence-column2646_30552c-1e > .kt-inside-inner-col,.kadence-column2646_30552c-1e > .kt-inside-inner-col:before{border-top-left-radius:0px;border-top-right-radius:0px;border-bottom-right-radius:0px;border-bottom-left-radius:0px;}.kadence-column2646_30552c-1e > .kt-inside-inner-col{column-gap:var(--global-kb-gap-sm, 1rem);}.kadence-column2646_30552c-1e > .kt-inside-inner-col{flex-direction:column;}.kadence-column2646_30552c-1e > .kt-inside-inner-col > .aligncenter{width:100%;}.kadence-column2646_30552c-1e > .kt-inside-inner-col:before{opacity:0.3;}.kadence-column2646_30552c-1e{position:relative;}@media all and (max-width: 1024px){.kadence-column2646_30552c-1e > .kt-inside-inner-col{flex-direction:column;}}@media all and (max-width: 767px){.kadence-column2646_30552c-1e > .kt-inside-inner-col{flex-direction:column;}}<\/style>\n<div class=\"wp-block-kadence-column kadence-column2646_30552c-1e\"><div class=\"kt-inside-inner-col\">\n<figure class=\"wp-block-image size-large\"><img loading=\"lazy\" decoding=\"async\" width=\"1024\" height=\"683\" src=\"https:\/\/www.exportechquebec.ca\/chalet-inc\/wp-content\/uploads\/2025\/11\/Photo-16-mofif_2022-06-06-145034_mtjn-1024x683.jpg\" alt=\"\" class=\"wp-image-2693\" srcset=\"https:\/\/www.exportechquebec.ca\/chalet-inc\/wp-content\/uploads\/2025\/11\/Photo-16-mofif_2022-06-06-145034_mtjn-1024x683.jpg 1024w, https:\/\/www.exportechquebec.ca\/chalet-inc\/wp-content\/uploads\/2025\/11\/Photo-16-mofif_2022-06-06-145034_mtjn-300x200.jpg 300w, https:\/\/www.exportechquebec.ca\/chalet-inc\/wp-content\/uploads\/2025\/11\/Photo-16-mofif_2022-06-06-145034_mtjn-768x512.jpg 768w, https:\/\/www.exportechquebec.ca\/chalet-inc\/wp-content\/uploads\/2025\/11\/Photo-16-mofif_2022-06-06-145034_mtjn-1536x1024.jpg 1536w, https:\/\/www.exportechquebec.ca\/chalet-inc\/wp-content\/uploads\/2025\/11\/Photo-16-mofif_2022-06-06-145034_mtjn-400x267.jpg 400w, https:\/\/www.exportechquebec.ca\/chalet-inc\/wp-content\/uploads\/2025\/11\/Photo-16-mofif_2022-06-06-145034_mtjn-500x333.jpg 500w, https:\/\/www.exportechquebec.ca\/chalet-inc\/wp-content\/uploads\/2025\/11\/Photo-16-mofif_2022-06-06-145034_mtjn-600x400.jpg 600w, https:\/\/www.exportechquebec.ca\/chalet-inc\/wp-content\/uploads\/2025\/11\/Photo-16-mofif_2022-06-06-145034_mtjn.jpg 1920w\" sizes=\"(max-width: 1024px) 100vw, 1024px\" \/><\/figure>\n\n\n<style>.wp-block-kadence-advancedbtn.kb-btns2646_12e75f-47{gap:var(--global-kb-gap-xs, 0.5rem );justify-content:flex-end;align-items:center;}.kt-btns2646_12e75f-47 .kt-button{font-weight:normal;font-style:normal;}.kt-btns2646_12e75f-47 .kt-btn-wrap-0{margin-right:5px;}.wp-block-kadence-advancedbtn.kt-btns2646_12e75f-47 .kt-btn-wrap-0 .kt-button{color:#555555;border-color:#555555;}.wp-block-kadence-advancedbtn.kt-btns2646_12e75f-47 .kt-btn-wrap-0 .kt-button:hover, .wp-block-kadence-advancedbtn.kt-btns2646_12e75f-47 .kt-btn-wrap-0 .kt-button:focus{color:#ffffff;border-color:#444444;}.wp-block-kadence-advancedbtn.kt-btns2646_12e75f-47 .kt-btn-wrap-0 .kt-button::before{display:none;}.wp-block-kadence-advancedbtn.kt-btns2646_12e75f-47 .kt-btn-wrap-0 .kt-button:hover, .wp-block-kadence-advancedbtn.kt-btns2646_12e75f-47 .kt-btn-wrap-0 .kt-button:focus{background:#444444;}<\/style>\n<div class=\"wp-block-kadence-advancedbtn kb-buttons-wrap kb-btns2646_12e75f-47\"><style>ul.menu .wp-block-kadence-advancedbtn .kb-btn2646_035c2b-2d.kb-button{width:initial;}.wp-block-kadence-advancedbtn .kb-btn2646_035c2b-2d.kb-button{background:#038454;border-top-left-radius:10px;border-top-right-radius:10px;border-bottom-right-radius:10px;border-bottom-left-radius:10px;}.wp-block-kadence-advancedbtn .kb-btn2646_035c2b-2d.kb-button:hover, .wp-block-kadence-advancedbtn .kb-btn2646_035c2b-2d.kb-button:focus{background:#a0db3f;border-top-left-radius:10px;border-top-right-radius:10px;border-bottom-right-radius:10px;border-bottom-left-radius:10px;}@media all and (max-width: 1024px){.kb-btn2646_035c2b-2d.kb-button .kb-svg-icon-wrap{display:block;}}<\/style><a class=\"kb-button kt-button button kb-btn2646_035c2b-2d kt-btn-size-standard kt-btn-width-type-auto kb-btn-global-fill kt-btn-has-text-true kt-btn-has-svg-true wp-block-kadence-singlebtn\" href=\"https:\/\/www.exportechquebec.ca\/chalet-inc\/prendre-un-rendez-vous\/\"><span class=\"kb-svg-icon-wrap kb-svg-icon-fe_calendar kt-btn-icon-side-left\"><svg viewBox=\"0 0 24 24\"  fill=\"none\" stroke=\"currentColor\" stroke-width=\"2\" stroke-linecap=\"round\" stroke-linejoin=\"round\" xmlns=\"http:\/\/www.w3.org\/2000\/svg\"  aria-hidden=\"true\"><rect x=\"3\" y=\"4\" width=\"18\" height=\"18\" rx=\"2\" ry=\"2\"\/><line x1=\"16\" y1=\"2\" x2=\"16\" y2=\"6\"\/><line x1=\"8\" y1=\"2\" x2=\"8\" y2=\"6\"\/><line x1=\"3\" y1=\"10\" x2=\"21\" y2=\"10\"\/><\/svg><\/span><span class=\"kt-btn-inner-text\">Prendre un rendez-vous<\/span><\/a><\/div>\n<\/div><\/div>\n\n<\/div><\/div>\n\n\n<h3 class=\"wp-block-heading has-text-color has-link-color wp-elements-112e2563c931170fe50178c88e71f2b9\" style=\"color:#038454\">Kin\u00e9sith\u00e9rapie\/Orthoth\u00e9rapie<\/h3>\n\n\n\n<p>Ce sont des m\u00e9thodes de d\u00e9congestion articulaire et musculaire ainsi que la psychologie de l&rsquo;individu.<\/p>\n\n\n\n<ul>\n<li>La r\u00e9\u00e9ducation du mouvement, musculaire et posturale ainsi que les pathologies fonctionnelles, etc.<\/li>\n\n\n\n<li>Soulage la douleur.<\/li>\n\n\n\n<li>Am\u00e9liore votre mobilit\u00e9 articulaire et favorise une plus grande amplitude \u00e0 vos mouvements.<\/li>\n<\/ul>\n\n\n\n<h3 class=\"wp-block-heading has-text-color has-link-color wp-elements-92797f42e27dcc9a7d3353f0e6bbdf16\" style=\"color:#038454\">R\u00e9flexologie des pieds<\/h3>\n\n\n\n<p>La r\u00e9flexologie est une technique de massage des points r\u00e9flexes situ\u00e9s sur les pieds, visant \u00e0 r\u00e9tablir l&rsquo;\u00e9quilibre de l&rsquo;\u00e9nergie vitale des glandes et les organes du corps.<br>Le Massage des points r\u00e9flexes permet \u00e0 l\u2019\u00e9nergie de circuler librement, d&rsquo;am\u00e9liorer la circulation, de relaxer les tensions musculaires.<\/p>\n\n\n\n<h3 class=\"wp-block-heading has-text-color has-link-color wp-elements-35b581cb7a9c7bdb5a1104ab4417bab0\" style=\"color:#038454\">Drainage Lymphatique<\/h3>\n\n\n\n<p>Le drainage lymphatique est un art du toucher tr\u00e8s subtil, sans huile. Son rythme est lent et ses man\u0153uvres \u00aben vagues\u00bb sont tr\u00e8s pr\u00e9cises et r\u00e9p\u00e9titives. Cette approche a pour effet de stimuler le syst\u00e8me lymphatique, de lib\u00e9rer les toxines et r\u00e9g\u00e9n\u00e9rer l\u2019organisme. Il a des effets pr\u00e9ventifs sur les troubles circulatoires, la r\u00e9tention d\u2019eau, la constipation, la cellulite et la perte d&rsquo;\u00e9nergie en g\u00e9n\u00e9ral.<br>Soulage les maux de t\u00eate, les migraines, les lourdeurs dans les jambes l&rsquo;\u0153d\u00e8me, le stress, etc.<br>Le meilleur des bienfaits, et non le moindre, est son action sur le syst\u00e8me nerveux. Il procure en effet un \u00e9tat de relaxation quasi instantan\u00e9. Il agit sur le syst\u00e8me parasympathique qui r\u00e9git le sommeil, la digestion et la concentration.<\/p>\n","protected":false},"excerpt":{"rendered":"<p>SOINS DE MASSOTH\u00c9RAPIE Quatre types de soins au choix Pour un soin de 60 minutes : 120 $ * Massage su\u00e9dois Il permet d&rsquo;acc\u00e9der \u00e0 un \u00e9tat de grande d\u00e9tente physique et psychologique. Kin\u00e9sith\u00e9rapie\/Orthoth\u00e9rapie Ce sont des m\u00e9thodes de d\u00e9congestion articulaire et musculaire ainsi que la psychologie de l&rsquo;individu. R\u00e9flexologie des pieds La r\u00e9flexologie est&#8230;<\/p>\n","protected":false},"author":1,"featured_media":0,"parent":0,"menu_order":0,"comment_status":"closed","ping_status":"closed","template":"","meta":{"_acf_changed":false,"_coblocks_attr":"","_coblocks_dimensions":"","_coblocks_responsive_height":"","_coblocks_accordion_ie_support":"","content-type":"","_kadence_starter_templates_imported_post":false,"_kad_post_transparent":"","_kad_post_title":"","_kad_post_layout":"","_kad_post_sidebar_id":"","_kad_post_content_style":"","_kad_post_vertical_padding":"","_kad_post_feature":"","_kad_post_feature_position":"","_kad_post_header":false,"_kad_post_footer":false,"footnotes":""},"acf":[],"_links":{"self":[{"href":"https:\/\/www.exportechquebec.ca\/chalet-inc\/wp-json\/wp\/v2\/pages\/2646"}],"collection":[{"href":"https:\/\/www.exportechquebec.ca\/chalet-inc\/wp-json\/wp\/v2\/pages"}],"about":[{"href":"https:\/\/www.exportechquebec.ca\/chalet-inc\/wp-json\/wp\/v2\/types\/page"}],"author":[{"embeddable":true,"href":"https:\/\/www.exportechquebec.ca\/chalet-inc\/wp-json\/wp\/v2\/users\/1"}],"replies":[{"embeddable":true,"href":"https:\/\/www.exportechquebec.ca\/chalet-inc\/wp-json\/wp\/v2\/comments?post=2646"}],"version-history":[{"count":12,"href":"https:\/\/www.exportechquebec.ca\/chalet-inc\/wp-json\/wp\/v2\/pages\/2646\/revisions"}],"predecessor-version":[{"id":2721,"href":"https:\/\/www.exportechquebec.ca\/chalet-inc\/wp-json\/wp\/v2\/pages\/2646\/revisions\/2721"}],"wp:attachment":[{"href":"https:\/\/www.exportechquebec.ca\/chalet-inc\/wp-json\/wp\/v2\/media?parent=2646"}],"curies":[{"name":"wp","href":"https:\/\/api.w.org\/{rel}","templated":true}]}}