{"id":2645,"date":"2025-11-07T10:50:41","date_gmt":"2025-11-07T15:50:41","guid":{"rendered":"https:\/\/www.exportechquebec.ca\/chalet-inc\/?page_id=2645"},"modified":"2025-11-07T14:36:28","modified_gmt":"2025-11-07T19:36:28","slug":"services","status":"publish","type":"page","link":"https:\/\/www.exportechquebec.ca\/chalet-inc\/services\/","title":{"rendered":"Services"},"content":{"rendered":"<style>.wp-block-kadence-advancedheading.kt-adv-heading2645_c8daf1-7b, .wp-block-kadence-advancedheading.kt-adv-heading2645_c8daf1-7b[data-kb-block=\"kb-adv-heading2645_c8daf1-7b\"]{font-style:normal;color:#038454;}.wp-block-kadence-advancedheading.kt-adv-heading2645_c8daf1-7b mark.kt-highlight, .wp-block-kadence-advancedheading.kt-adv-heading2645_c8daf1-7b[data-kb-block=\"kb-adv-heading2645_c8daf1-7b\"] mark.kt-highlight{font-style:normal;color:#f76a0c;-webkit-box-decoration-break:clone;box-decoration-break:clone;padding-top:0px;padding-right:0px;padding-bottom:0px;padding-left:0px;}<\/style>\n<h2 class=\"kt-adv-heading2645_c8daf1-7b wp-block-kadence-advancedheading\" data-kb-block=\"kb-adv-heading2645_c8daf1-7b\">SOINS DE MASSOTH\u00c9RAPIE<\/h2>\n\n\n\n<p>Offerts dans le confort de votre chalet, par une massoth\u00e9rapeute d&rsquo;exp\u00e9rience.<\/p>\n\n\n<style>.kb-row-layout-id2645_4411b2-e5 > .kt-row-column-wrap{align-content:start;}:where(.kb-row-layout-id2645_4411b2-e5 > .kt-row-column-wrap) > .wp-block-kadence-column{justify-content:start;}.kb-row-layout-id2645_4411b2-e5 > .kt-row-column-wrap{column-gap:var(--global-kb-gap-md, 2rem);row-gap:var(--global-kb-gap-md, 2rem);padding-top:var(--global-kb-spacing-sm, 1.5rem);grid-template-columns:repeat(2, minmax(0, 1fr));}.kb-row-layout-id2645_4411b2-e5 > .kt-row-layout-overlay{opacity:0.30;}@media all and (max-width: 1024px){.kb-row-layout-id2645_4411b2-e5 > .kt-row-column-wrap{grid-template-columns:repeat(2, minmax(0, 1fr));}}@media all and (max-width: 767px){.kb-row-layout-id2645_4411b2-e5 > .kt-row-column-wrap{grid-template-columns:minmax(0, 1fr);}}<\/style><div class=\"kb-row-layout-wrap kb-row-layout-id2645_4411b2-e5 alignnone wp-block-kadence-rowlayout\"><div class=\"kt-row-column-wrap kt-has-2-columns kt-row-layout-equal kt-tab-layout-inherit kt-mobile-layout-row kt-row-valign-top\">\n<style>.kadence-column2645_755256-90 > .kt-inside-inner-col,.kadence-column2645_755256-90 > .kt-inside-inner-col:before{border-top-left-radius:0px;border-top-right-radius:0px;border-bottom-right-radius:0px;border-bottom-left-radius:0px;}.kadence-column2645_755256-90 > .kt-inside-inner-col{column-gap:var(--global-kb-gap-sm, 1rem);}.kadence-column2645_755256-90 > .kt-inside-inner-col{flex-direction:column;}.kadence-column2645_755256-90 > .kt-inside-inner-col > .aligncenter{width:100%;}.kadence-column2645_755256-90 > .kt-inside-inner-col:before{opacity:0.3;}.kadence-column2645_755256-90{position:relative;}@media all and (max-width: 1024px){.kadence-column2645_755256-90 > .kt-inside-inner-col{flex-direction:column;}}@media all and (max-width: 767px){.kadence-column2645_755256-90 > .kt-inside-inner-col{flex-direction:column;}}<\/style>\n<div class=\"wp-block-kadence-column kadence-column2645_755256-90\"><div class=\"kt-inside-inner-col\">\n<p>Notre massoth\u00e9rapeute se d\u00e9place \u00e0 votre chalet, afin de vous offrir un soin personnalis\u00e9 dans l&rsquo;intimit\u00e9 de votre chalet. Elle a une grande exp\u00e9rience dans le domaine comme massoth\u00e9rapeute senior, kin\u00e9sith\u00e9rapeute, naturoth\u00e9rapeute et orthoth\u00e9rapeute.<\/p>\n\n\n\n<p>Quatre types de soins vous sont offerts. Choisissez une fois sur place parmi:<\/p>\n\n\n\n<ul>\n<li>Massage su\u00e9dois<\/li>\n\n\n\n<li>Kin\u00e9sith\u00e9rapie\/orthoth\u00e9rapie<\/li>\n\n\n\n<li>Drainage lymphatique<\/li>\n\n\n\n<li>R\u00e9flexologie des pieds<\/li>\n<\/ul>\n\n\n<style>.wp-block-kadence-advancedbtn.kb-btns2645_f3eccf-ce{gap:var(--global-kb-gap-xs, 0.5rem );justify-content:flex-end;align-items:center;}.kt-btns2645_f3eccf-ce .kt-button{font-weight:normal;font-style:normal;}.kt-btns2645_f3eccf-ce .kt-btn-wrap-0{margin-right:5px;}.wp-block-kadence-advancedbtn.kt-btns2645_f3eccf-ce .kt-btn-wrap-0 .kt-button{color:#555555;border-color:#555555;}.wp-block-kadence-advancedbtn.kt-btns2645_f3eccf-ce .kt-btn-wrap-0 .kt-button:hover, .wp-block-kadence-advancedbtn.kt-btns2645_f3eccf-ce .kt-btn-wrap-0 .kt-button:focus{color:#ffffff;border-color:#444444;}.wp-block-kadence-advancedbtn.kt-btns2645_f3eccf-ce .kt-btn-wrap-0 .kt-button::before{display:none;}.wp-block-kadence-advancedbtn.kt-btns2645_f3eccf-ce .kt-btn-wrap-0 .kt-button:hover, .wp-block-kadence-advancedbtn.kt-btns2645_f3eccf-ce .kt-btn-wrap-0 .kt-button:focus{background:#444444;}<\/style>\n<div class=\"wp-block-kadence-advancedbtn kb-buttons-wrap kb-btns2645_f3eccf-ce\"><style>ul.menu .wp-block-kadence-advancedbtn .kb-btn2645_b7de7c-ac.kb-button{width:initial;}.wp-block-kadence-advancedbtn .kb-btn2645_b7de7c-ac.kb-button{background:#038454;border-top-left-radius:10px;border-top-right-radius:10px;border-bottom-right-radius:10px;border-bottom-left-radius:10px;}.wp-block-kadence-advancedbtn .kb-btn2645_b7de7c-ac.kb-button:hover, .wp-block-kadence-advancedbtn .kb-btn2645_b7de7c-ac.kb-button:focus{background:#a0db3f;border-top-left-radius:10px;border-top-right-radius:10px;border-bottom-right-radius:10px;border-bottom-left-radius:10px;}@media all and (max-width: 1024px){.kb-btn2645_b7de7c-ac.kb-button .kb-svg-icon-wrap{display:block;}}<\/style><a class=\"kb-button kt-button button kb-btn2645_b7de7c-ac kt-btn-size-standard kt-btn-width-type-auto kb-btn-global-fill kt-btn-has-text-true kt-btn-has-svg-false wp-block-kadence-singlebtn\" href=\"https:\/\/www.exportechquebec.ca\/chalet-inc\/massotherapie\/\"><span class=\"kt-btn-inner-text\">En savoir plus<\/span><\/a><\/div>\n\n\n\n<h3 class=\"wp-block-heading has-text-color has-link-color wp-elements-874b92c15406075b6c3b7111ed9f5d09\" style=\"color:#038454\"><br><\/h3>\n<\/div><\/div>\n\n\n<style>.kadence-column2645_226330-3e > .kt-inside-inner-col,.kadence-column2645_226330-3e > .kt-inside-inner-col:before{border-top-left-radius:0px;border-top-right-radius:0px;border-bottom-right-radius:0px;border-bottom-left-radius:0px;}.kadence-column2645_226330-3e > .kt-inside-inner-col{column-gap:var(--global-kb-gap-sm, 1rem);}.kadence-column2645_226330-3e > .kt-inside-inner-col{flex-direction:column;}.kadence-column2645_226330-3e > .kt-inside-inner-col > .aligncenter{width:100%;}.kadence-column2645_226330-3e > .kt-inside-inner-col:before{opacity:0.3;}.kadence-column2645_226330-3e{position:relative;}@media all and (max-width: 1024px){.kadence-column2645_226330-3e > .kt-inside-inner-col{flex-direction:column;}}@media all and (max-width: 767px){.kadence-column2645_226330-3e > .kt-inside-inner-col{flex-direction:column;}}<\/style>\n<div class=\"wp-block-kadence-column kadence-column2645_226330-3e\"><div class=\"kt-inside-inner-col\">\n<figure class=\"wp-block-image size-large\"><img loading=\"lazy\" decoding=\"async\" width=\"1024\" height=\"683\" src=\"https:\/\/www.exportechquebec.ca\/chalet-inc\/wp-content\/uploads\/2025\/11\/Photo-04-1024x683.jpg\" alt=\"\" class=\"wp-image-2687\" srcset=\"https:\/\/www.exportechquebec.ca\/chalet-inc\/wp-content\/uploads\/2025\/11\/Photo-04-1024x683.jpg 1024w, https:\/\/www.exportechquebec.ca\/chalet-inc\/wp-content\/uploads\/2025\/11\/Photo-04-300x200.jpg 300w, https:\/\/www.exportechquebec.ca\/chalet-inc\/wp-content\/uploads\/2025\/11\/Photo-04-768x512.jpg 768w, https:\/\/www.exportechquebec.ca\/chalet-inc\/wp-content\/uploads\/2025\/11\/Photo-04-1536x1025.jpg 1536w, https:\/\/www.exportechquebec.ca\/chalet-inc\/wp-content\/uploads\/2025\/11\/Photo-04-400x267.jpg 400w, https:\/\/www.exportechquebec.ca\/chalet-inc\/wp-content\/uploads\/2025\/11\/Photo-04-500x334.jpg 500w, https:\/\/www.exportechquebec.ca\/chalet-inc\/wp-content\/uploads\/2025\/11\/Photo-04-600x400.jpg 600w, https:\/\/www.exportechquebec.ca\/chalet-inc\/wp-content\/uploads\/2025\/11\/Photo-04.jpg 1920w\" sizes=\"(max-width: 1024px) 100vw, 1024px\" \/><\/figure>\n<\/div><\/div>\n\n<\/div><\/div>\n\n<style>.kb-row-layout-id2645_e8cd4d-5e > .kt-row-column-wrap{align-content:start;}:where(.kb-row-layout-id2645_e8cd4d-5e > .kt-row-column-wrap) > .wp-block-kadence-column{justify-content:start;}.kb-row-layout-id2645_e8cd4d-5e > .kt-row-column-wrap{column-gap:var(--global-kb-gap-md, 2rem);row-gap:var(--global-kb-gap-md, 2rem);padding-top:var(--global-kb-spacing-sm, 1.5rem);padding-bottom:var(--global-kb-spacing-sm, 1.5rem);grid-template-columns:minmax(0, calc(55% - ((var(--global-kb-gap-md, 2rem) * 1 )\/2)))minmax(0, calc(45% - ((var(--global-kb-gap-md, 2rem) * 1 )\/2)));}.kb-row-layout-id2645_e8cd4d-5e > .kt-row-layout-overlay{opacity:0.30;}@media all and (max-width: 1024px){.kb-row-layout-id2645_e8cd4d-5e > .kt-row-column-wrap{grid-template-columns:repeat(2, minmax(0, 1fr));}}@media all and (max-width: 767px){.kb-row-layout-id2645_e8cd4d-5e > .kt-row-column-wrap{grid-template-columns:minmax(0, 1fr);}}<\/style><div class=\"kb-row-layout-wrap kb-row-layout-id2645_e8cd4d-5e alignnone wp-block-kadence-rowlayout\"><div class=\"kt-row-column-wrap kt-has-2-columns kt-row-layout-equal kt-tab-layout-inherit kt-mobile-layout-row kt-row-valign-top\">\n<style>.kadence-column2645_ad971d-3b > .kt-inside-inner-col,.kadence-column2645_ad971d-3b > .kt-inside-inner-col:before{border-top-left-radius:0px;border-top-right-radius:0px;border-bottom-right-radius:0px;border-bottom-left-radius:0px;}.kadence-column2645_ad971d-3b > .kt-inside-inner-col{column-gap:var(--global-kb-gap-sm, 1rem);}.kadence-column2645_ad971d-3b > .kt-inside-inner-col{flex-direction:column;}.kadence-column2645_ad971d-3b > .kt-inside-inner-col > .aligncenter{width:100%;}.kadence-column2645_ad971d-3b > .kt-inside-inner-col:before{opacity:0.3;}.kadence-column2645_ad971d-3b{position:relative;}@media all and (max-width: 1024px){.kadence-column2645_ad971d-3b > .kt-inside-inner-col{flex-direction:column;}}@media all and (max-width: 767px){.kadence-column2645_ad971d-3b > .kt-inside-inner-col{flex-direction:column;}}<\/style>\n<div class=\"wp-block-kadence-column kadence-column2645_ad971d-3b\"><div class=\"kt-inside-inner-col\">\n<figure class=\"wp-block-image size-large\"><img loading=\"lazy\" decoding=\"async\" width=\"1024\" height=\"576\" src=\"https:\/\/www.exportechquebec.ca\/chalet-inc\/wp-content\/uploads\/2025\/11\/PartyFete_14-1024x576.jpg\" alt=\"\" class=\"wp-image-2706\" srcset=\"https:\/\/www.exportechquebec.ca\/chalet-inc\/wp-content\/uploads\/2025\/11\/PartyFete_14-1024x576.jpg 1024w, https:\/\/www.exportechquebec.ca\/chalet-inc\/wp-content\/uploads\/2025\/11\/PartyFete_14-300x169.jpg 300w, https:\/\/www.exportechquebec.ca\/chalet-inc\/wp-content\/uploads\/2025\/11\/PartyFete_14-768x432.jpg 768w, https:\/\/www.exportechquebec.ca\/chalet-inc\/wp-content\/uploads\/2025\/11\/PartyFete_14-1536x864.jpg 1536w, https:\/\/www.exportechquebec.ca\/chalet-inc\/wp-content\/uploads\/2025\/11\/PartyFete_14-400x225.jpg 400w, https:\/\/www.exportechquebec.ca\/chalet-inc\/wp-content\/uploads\/2025\/11\/PartyFete_14-500x281.jpg 500w, https:\/\/www.exportechquebec.ca\/chalet-inc\/wp-content\/uploads\/2025\/11\/PartyFete_14-600x338.jpg 600w, https:\/\/www.exportechquebec.ca\/chalet-inc\/wp-content\/uploads\/2025\/11\/PartyFete_14.jpg 1920w\" sizes=\"(max-width: 1024px) 100vw, 1024px\" \/><\/figure>\n<\/div><\/div>\n\n\n<style>.kadence-column2645_e4004b-c7 > .kt-inside-inner-col,.kadence-column2645_e4004b-c7 > .kt-inside-inner-col:before{border-top-left-radius:0px;border-top-right-radius:0px;border-bottom-right-radius:0px;border-bottom-left-radius:0px;}.kadence-column2645_e4004b-c7 > .kt-inside-inner-col{column-gap:var(--global-kb-gap-sm, 1rem);}.kadence-column2645_e4004b-c7 > .kt-inside-inner-col{flex-direction:column;}.kadence-column2645_e4004b-c7 > .kt-inside-inner-col > .aligncenter{width:100%;}.kadence-column2645_e4004b-c7 > .kt-inside-inner-col:before{opacity:0.3;}.kadence-column2645_e4004b-c7{position:relative;}@media all and (max-width: 1024px){.kadence-column2645_e4004b-c7 > .kt-inside-inner-col{flex-direction:column;}}@media all and (max-width: 767px){.kadence-column2645_e4004b-c7 > .kt-inside-inner-col{flex-direction:column;}}<\/style>\n<div class=\"wp-block-kadence-column kadence-column2645_e4004b-c7\"><div class=\"kt-inside-inner-col\">\n<h2 class=\"wp-block-heading has-text-color has-link-color wp-elements-b53ba1bebc014f55182646a832ae2403\" style=\"color:#038454\">SOIR\u00c9ES DANSANTES<\/h2>\n\n\n\n<p>Pour c\u00e9l\u00e9brer entre amis, en famille ou entre coll\u00e8gues, reposez-vous sur nous et amusez-vous!<\/p>\n\n\n\n<p>Notre DJ animera votre soir\u00e9e et vous fera danser!<\/p>\n\n\n\n<div style=\"height:87px\" aria-hidden=\"true\" class=\"wp-block-spacer\"><\/div>\n\n\n<style>.wp-block-kadence-advancedbtn.kb-btns2645_0cbde3-64{gap:var(--global-kb-gap-xs, 0.5rem );justify-content:flex-end;align-items:center;}.kt-btns2645_0cbde3-64 .kt-button{font-weight:normal;font-style:normal;}.kt-btns2645_0cbde3-64 .kt-btn-wrap-0{margin-right:5px;}.wp-block-kadence-advancedbtn.kt-btns2645_0cbde3-64 .kt-btn-wrap-0 .kt-button{color:#555555;border-color:#555555;}.wp-block-kadence-advancedbtn.kt-btns2645_0cbde3-64 .kt-btn-wrap-0 .kt-button:hover, .wp-block-kadence-advancedbtn.kt-btns2645_0cbde3-64 .kt-btn-wrap-0 .kt-button:focus{color:#ffffff;border-color:#444444;}.wp-block-kadence-advancedbtn.kt-btns2645_0cbde3-64 .kt-btn-wrap-0 .kt-button::before{display:none;}.wp-block-kadence-advancedbtn.kt-btns2645_0cbde3-64 .kt-btn-wrap-0 .kt-button:hover, .wp-block-kadence-advancedbtn.kt-btns2645_0cbde3-64 .kt-btn-wrap-0 .kt-button:focus{background:#444444;}<\/style>\n<div class=\"wp-block-kadence-advancedbtn kb-buttons-wrap kb-btns2645_0cbde3-64\"><style>ul.menu .wp-block-kadence-advancedbtn .kb-btn2645_e4a3d8-1b.kb-button{width:initial;}.wp-block-kadence-advancedbtn .kb-btn2645_e4a3d8-1b.kb-button{background:#038454;border-top-left-radius:10px;border-top-right-radius:10px;border-bottom-right-radius:10px;border-bottom-left-radius:10px;}.wp-block-kadence-advancedbtn .kb-btn2645_e4a3d8-1b.kb-button:hover, .wp-block-kadence-advancedbtn .kb-btn2645_e4a3d8-1b.kb-button:focus{background:#a0db3f;border-top-left-radius:10px;border-top-right-radius:10px;border-bottom-right-radius:10px;border-bottom-left-radius:10px;}@media all and (max-width: 1024px){.kb-btn2645_e4a3d8-1b.kb-button .kb-svg-icon-wrap{display:block;}}<\/style><a class=\"kb-button kt-button button kb-btn2645_e4a3d8-1b kt-btn-size-standard kt-btn-width-type-auto kb-btn-global-fill kt-btn-has-text-true kt-btn-has-svg-false wp-block-kadence-singlebtn\" href=\"https:\/\/www.exportechquebec.ca\/chalet-inc\/soirees-dansantes\/\"><span class=\"kt-btn-inner-text\">En savoir plus!<\/span><\/a><\/div>\n<\/div><\/div>\n\n<\/div><\/div>","protected":false},"excerpt":{"rendered":"<p>SOINS DE MASSOTH\u00c9RAPIE Offerts dans le confort de votre chalet, par une massoth\u00e9rapeute d&rsquo;exp\u00e9rience. Notre massoth\u00e9rapeute se d\u00e9place \u00e0 votre chalet, afin de vous offrir un soin personnalis\u00e9 dans l&rsquo;intimit\u00e9 de votre chalet. Elle a une grande exp\u00e9rience dans le domaine comme massoth\u00e9rapeute senior, kin\u00e9sith\u00e9rapeute, naturoth\u00e9rapeute et orthoth\u00e9rapeute. Quatre types de soins vous sont offerts&#8230;.<\/p>\n","protected":false},"author":1,"featured_media":0,"parent":0,"menu_order":0,"comment_status":"closed","ping_status":"closed","template":"","meta":{"_acf_changed":false,"_coblocks_attr":"","_coblocks_dimensions":"","_coblocks_responsive_height":"","_coblocks_accordion_ie_support":"","content-type":"","_kadence_starter_templates_imported_post":false,"_kad_post_transparent":"","_kad_post_title":"","_kad_post_layout":"","_kad_post_sidebar_id":"","_kad_post_content_style":"","_kad_post_vertical_padding":"","_kad_post_feature":"","_kad_post_feature_position":"","_kad_post_header":false,"_kad_post_footer":false,"footnotes":""},"acf":[],"_links":{"self":[{"href":"https:\/\/www.exportechquebec.ca\/chalet-inc\/wp-json\/wp\/v2\/pages\/2645"}],"collection":[{"href":"https:\/\/www.exportechquebec.ca\/chalet-inc\/wp-json\/wp\/v2\/pages"}],"about":[{"href":"https:\/\/www.exportechquebec.ca\/chalet-inc\/wp-json\/wp\/v2\/types\/page"}],"author":[{"embeddable":true,"href":"https:\/\/www.exportechquebec.ca\/chalet-inc\/wp-json\/wp\/v2\/users\/1"}],"replies":[{"embeddable":true,"href":"https:\/\/www.exportechquebec.ca\/chalet-inc\/wp-json\/wp\/v2\/comments?post=2645"}],"version-history":[{"count":5,"href":"https:\/\/www.exportechquebec.ca\/chalet-inc\/wp-json\/wp\/v2\/pages\/2645\/revisions"}],"predecessor-version":[{"id":2709,"href":"https:\/\/www.exportechquebec.ca\/chalet-inc\/wp-json\/wp\/v2\/pages\/2645\/revisions\/2709"}],"wp:attachment":[{"href":"https:\/\/www.exportechquebec.ca\/chalet-inc\/wp-json\/wp\/v2\/media?parent=2645"}],"curies":[{"name":"wp","href":"https:\/\/api.w.org\/{rel}","templated":true}]}}