{"id":2623,"date":"2025-11-06T14:24:50","date_gmt":"2025-11-06T19:24:50","guid":{"rendered":"https:\/\/www.exportechquebec.ca\/chalet-inc\/?page_id=2623"},"modified":"2025-11-14T11:51:45","modified_gmt":"2025-11-14T16:51:45","slug":"celebrations","status":"publish","type":"page","link":"https:\/\/www.exportechquebec.ca\/chalet-inc\/celebrations\/","title":{"rendered":"C\u00e9l\u00e9brations"},"content":{"rendered":"<style>.wp-block-kadence-advancedheading.kt-adv-heading2623_8c6518-98, .wp-block-kadence-advancedheading.kt-adv-heading2623_8c6518-98[data-kb-block=\"kb-adv-heading2623_8c6518-98\"]{font-style:normal;color:#038454;}.wp-block-kadence-advancedheading.kt-adv-heading2623_8c6518-98 mark.kt-highlight, .wp-block-kadence-advancedheading.kt-adv-heading2623_8c6518-98[data-kb-block=\"kb-adv-heading2623_8c6518-98\"] mark.kt-highlight{font-style:normal;color:#f76a0c;-webkit-box-decoration-break:clone;box-decoration-break:clone;padding-top:0px;padding-right:0px;padding-bottom:0px;padding-left:0px;}<\/style>\n<h2 class=\"kt-adv-heading2623_8c6518-98 wp-block-kadence-advancedheading\" data-kb-block=\"kb-adv-heading2623_8c6518-98\">C\u00c9L\u00c9BRATIONS<\/h2>\n\n\n\n<p>Nos salles de r\u00e9ception peuvent accueillir jusqu&rsquo;\u00e0 100 personnes. Elles offrent un environnement champ\u00eatre et chaleureux. Que ce soit pour un anniversaire, un bapt\u00eame, un d\u00e9part \u00e0 la retraite, un anniversaire de mariage ou un party de No\u00ebl, venez c\u00e9l\u00e9brer en compagnie des gens que vous aimez!<\/p>\n\n\n<style>.kb-row-layout-id2623_4b9bc0-5c > .kt-row-column-wrap{align-content:start;}:where(.kb-row-layout-id2623_4b9bc0-5c > .kt-row-column-wrap) > .wp-block-kadence-column{justify-content:start;}.kb-row-layout-id2623_4b9bc0-5c > .kt-row-column-wrap{column-gap:var(--global-kb-gap-md, 2rem);row-gap:var(--global-kb-gap-md, 2rem);padding-top:var(--global-kb-spacing-sm, 1.5rem);padding-bottom:var(--global-kb-spacing-sm, 1.5rem);grid-template-columns:repeat(2, minmax(0, 1fr));}.kb-row-layout-id2623_4b9bc0-5c > .kt-row-layout-overlay{opacity:0.30;}@media all and (max-width: 1024px){.kb-row-layout-id2623_4b9bc0-5c > .kt-row-column-wrap{grid-template-columns:repeat(2, minmax(0, 1fr));}}@media all and (max-width: 767px){.kb-row-layout-id2623_4b9bc0-5c > .kt-row-column-wrap{grid-template-columns:minmax(0, 1fr);}}<\/style><div class=\"kb-row-layout-wrap kb-row-layout-id2623_4b9bc0-5c alignnone wp-block-kadence-rowlayout\"><div class=\"kt-row-column-wrap kt-has-2-columns kt-row-layout-equal kt-tab-layout-inherit kt-mobile-layout-row kt-row-valign-top\">\n<style>.kadence-column2623_d6ca4c-8a > .kt-inside-inner-col,.kadence-column2623_d6ca4c-8a > .kt-inside-inner-col:before{border-top-left-radius:0px;border-top-right-radius:0px;border-bottom-right-radius:0px;border-bottom-left-radius:0px;}.kadence-column2623_d6ca4c-8a > .kt-inside-inner-col{column-gap:var(--global-kb-gap-sm, 1rem);}.kadence-column2623_d6ca4c-8a > .kt-inside-inner-col{flex-direction:column;}.kadence-column2623_d6ca4c-8a > .kt-inside-inner-col > .aligncenter{width:100%;}.kadence-column2623_d6ca4c-8a > .kt-inside-inner-col:before{opacity:0.3;}.kadence-column2623_d6ca4c-8a{position:relative;}@media all and (max-width: 1024px){.kadence-column2623_d6ca4c-8a > .kt-inside-inner-col{flex-direction:column;}}@media all and (max-width: 767px){.kadence-column2623_d6ca4c-8a > .kt-inside-inner-col{flex-direction:column;}}<\/style>\n<div class=\"wp-block-kadence-column kadence-column2623_d6ca4c-8a\"><div class=\"kt-inside-inner-col\">\n<p>Notre forfait comprend:<\/p>\n\n\n\n<ul>\n<li>Location d&rsquo;une salle de r\u00e9ception multim\u00e9dia<\/li>\n\n\n\n<li>Bulles ou mocktail d\u2019accueil<\/li>\n\n\n\n<li>Repas gastronomique 3 services<\/li>\n\n\n\n<li><a href=\"https:\/\/www.exportechquebec.ca\/chalet-inc\/soirees-dansantes\/\" data-type=\"page\" data-id=\"2647\">DJ, animation et soir\u00e9e dansante<\/a><\/li>\n<\/ul>\n\n\n\n<blockquote class=\"wp-block-quote is-layout-flow wp-block-quote-is-layout-flow\">\n<p>Offre commen\u00e7ant pour un groupe de 10 personnes et allant jusqu\u2019\u00e0 un maximum de 100 personnes.<\/p>\n\n\n\n<p><strong>\u00c0 partir de 973 $ *<\/strong><\/p>\n<cite>* Taxes en sus<\/cite><\/blockquote>\n\n\n<style>.wp-block-kadence-advancedbtn.kb-btns2623_97367f-be{gap:var(--global-kb-gap-xs, 0.5rem );justify-content:flex-end;align-items:center;}.kt-btns2623_97367f-be .kt-button{font-weight:normal;font-style:normal;}.kt-btns2623_97367f-be .kt-btn-wrap-0{margin-right:5px;}.wp-block-kadence-advancedbtn.kt-btns2623_97367f-be .kt-btn-wrap-0 .kt-button{color:#555555;border-color:#555555;}.wp-block-kadence-advancedbtn.kt-btns2623_97367f-be .kt-btn-wrap-0 .kt-button:hover, .wp-block-kadence-advancedbtn.kt-btns2623_97367f-be .kt-btn-wrap-0 .kt-button:focus{color:#ffffff;border-color:#444444;}.wp-block-kadence-advancedbtn.kt-btns2623_97367f-be .kt-btn-wrap-0 .kt-button::before{display:none;}.wp-block-kadence-advancedbtn.kt-btns2623_97367f-be .kt-btn-wrap-0 .kt-button:hover, .wp-block-kadence-advancedbtn.kt-btns2623_97367f-be .kt-btn-wrap-0 .kt-button:focus{background:#444444;}<\/style>\n<div class=\"wp-block-kadence-advancedbtn kb-buttons-wrap kb-btns2623_97367f-be\"><style>ul.menu .wp-block-kadence-advancedbtn .kb-btn2623_b8bd4d-b3.kb-button{width:initial;}.wp-block-kadence-advancedbtn .kb-btn2623_b8bd4d-b3.kb-button{background:#038454;border-top-left-radius:10px;border-top-right-radius:10px;border-bottom-right-radius:10px;border-bottom-left-radius:10px;}.wp-block-kadence-advancedbtn .kb-btn2623_b8bd4d-b3.kb-button:hover, .wp-block-kadence-advancedbtn .kb-btn2623_b8bd4d-b3.kb-button:focus{background:#a0db3f;}@media all and (max-width: 1024px){.kb-btn2623_b8bd4d-b3.kb-button .kb-svg-icon-wrap{display:block;}}<\/style><a class=\"kb-button kt-button button kb-btn2623_b8bd4d-b3 kt-btn-size-standard kt-btn-width-type-auto kb-btn-global-fill kt-btn-has-text-true kt-btn-has-svg-true wp-block-kadence-singlebtn\" href=\"https:\/\/www.exportechquebec.ca\/chalet-inc\/prendre-un-rendez-vous\/\"><span class=\"kb-svg-icon-wrap kb-svg-icon-fe_calendar kt-btn-icon-side-left\"><svg viewBox=\"0 0 24 24\"  fill=\"none\" stroke=\"currentColor\" stroke-width=\"2\" stroke-linecap=\"round\" stroke-linejoin=\"round\" xmlns=\"http:\/\/www.w3.org\/2000\/svg\"  aria-hidden=\"true\"><rect x=\"3\" y=\"4\" width=\"18\" height=\"18\" rx=\"2\" ry=\"2\"\/><line x1=\"16\" y1=\"2\" x2=\"16\" y2=\"6\"\/><line x1=\"8\" y1=\"2\" x2=\"8\" y2=\"6\"\/><line x1=\"3\" y1=\"10\" x2=\"21\" y2=\"10\"\/><\/svg><\/span><span class=\"kt-btn-inner-text\">Prendre un rendez-vous<\/span><\/a><\/div>\n\n\n\n<div class=\"wp-block-buttons is-layout-flex wp-block-buttons-is-layout-flex\"><\/div>\n<\/div><\/div>\n\n\n<style>.kadence-column2623_4dba33-9f > .kt-inside-inner-col,.kadence-column2623_4dba33-9f > .kt-inside-inner-col:before{border-top-left-radius:0px;border-top-right-radius:0px;border-bottom-right-radius:0px;border-bottom-left-radius:0px;}.kadence-column2623_4dba33-9f > .kt-inside-inner-col{column-gap:var(--global-kb-gap-sm, 1rem);}.kadence-column2623_4dba33-9f > .kt-inside-inner-col{flex-direction:column;}.kadence-column2623_4dba33-9f > .kt-inside-inner-col > .aligncenter{width:100%;}.kadence-column2623_4dba33-9f > .kt-inside-inner-col:before{opacity:0.3;}.kadence-column2623_4dba33-9f{position:relative;}@media all and (max-width: 1024px){.kadence-column2623_4dba33-9f > .kt-inside-inner-col{flex-direction:column;}}@media all and (max-width: 767px){.kadence-column2623_4dba33-9f > .kt-inside-inner-col{flex-direction:column;}}<\/style>\n<div class=\"wp-block-kadence-column kadence-column2623_4dba33-9f\"><div class=\"kt-inside-inner-col\">\n<figure class=\"wp-block-image size-large\"><img loading=\"lazy\" decoding=\"async\" width=\"1024\" height=\"576\" src=\"https:\/\/www.exportechquebec.ca\/chalet-inc\/wp-content\/uploads\/2025\/11\/PartyFete_25-1024x576.jpg\" alt=\"\" class=\"wp-image-2677\" srcset=\"https:\/\/www.exportechquebec.ca\/chalet-inc\/wp-content\/uploads\/2025\/11\/PartyFete_25-1024x576.jpg 1024w, https:\/\/www.exportechquebec.ca\/chalet-inc\/wp-content\/uploads\/2025\/11\/PartyFete_25-300x169.jpg 300w, https:\/\/www.exportechquebec.ca\/chalet-inc\/wp-content\/uploads\/2025\/11\/PartyFete_25-768x432.jpg 768w, https:\/\/www.exportechquebec.ca\/chalet-inc\/wp-content\/uploads\/2025\/11\/PartyFete_25-1536x864.jpg 1536w, https:\/\/www.exportechquebec.ca\/chalet-inc\/wp-content\/uploads\/2025\/11\/PartyFete_25-400x225.jpg 400w, https:\/\/www.exportechquebec.ca\/chalet-inc\/wp-content\/uploads\/2025\/11\/PartyFete_25-500x281.jpg 500w, https:\/\/www.exportechquebec.ca\/chalet-inc\/wp-content\/uploads\/2025\/11\/PartyFete_25-600x338.jpg 600w, https:\/\/www.exportechquebec.ca\/chalet-inc\/wp-content\/uploads\/2025\/11\/PartyFete_25.jpg 1920w\" sizes=\"(max-width: 1024px) 100vw, 1024px\" \/><\/figure>\n<\/div><\/div>\n\n<\/div><\/div>","protected":false},"excerpt":{"rendered":"<p>C\u00c9L\u00c9BRATIONS Nos salles de r\u00e9ception peuvent accueillir jusqu&rsquo;\u00e0 100 personnes. Elles offrent un environnement champ\u00eatre et chaleureux. Que ce soit pour un anniversaire, un bapt\u00eame, un d\u00e9part \u00e0 la retraite, un anniversaire de mariage ou un party de No\u00ebl, venez c\u00e9l\u00e9brer en compagnie des gens que vous aimez! Notre forfait comprend: Offre commen\u00e7ant pour un&#8230;<\/p>\n","protected":false},"author":1,"featured_media":0,"parent":0,"menu_order":0,"comment_status":"closed","ping_status":"closed","template":"","meta":{"_acf_changed":false,"_coblocks_attr":"","_coblocks_dimensions":"","_coblocks_responsive_height":"","_coblocks_accordion_ie_support":"","content-type":"","_kadence_starter_templates_imported_post":false,"_kad_post_transparent":"","_kad_post_title":"","_kad_post_layout":"","_kad_post_sidebar_id":"","_kad_post_content_style":"","_kad_post_vertical_padding":"","_kad_post_feature":"","_kad_post_feature_position":"","_kad_post_header":false,"_kad_post_footer":false,"footnotes":""},"acf":[],"_links":{"self":[{"href":"https:\/\/www.exportechquebec.ca\/chalet-inc\/wp-json\/wp\/v2\/pages\/2623"}],"collection":[{"href":"https:\/\/www.exportechquebec.ca\/chalet-inc\/wp-json\/wp\/v2\/pages"}],"about":[{"href":"https:\/\/www.exportechquebec.ca\/chalet-inc\/wp-json\/wp\/v2\/types\/page"}],"author":[{"embeddable":true,"href":"https:\/\/www.exportechquebec.ca\/chalet-inc\/wp-json\/wp\/v2\/users\/1"}],"replies":[{"embeddable":true,"href":"https:\/\/www.exportechquebec.ca\/chalet-inc\/wp-json\/wp\/v2\/comments?post=2623"}],"version-history":[{"count":5,"href":"https:\/\/www.exportechquebec.ca\/chalet-inc\/wp-json\/wp\/v2\/pages\/2623\/revisions"}],"predecessor-version":[{"id":2726,"href":"https:\/\/www.exportechquebec.ca\/chalet-inc\/wp-json\/wp\/v2\/pages\/2623\/revisions\/2726"}],"wp:attachment":[{"href":"https:\/\/www.exportechquebec.ca\/chalet-inc\/wp-json\/wp\/v2\/media?parent=2623"}],"curies":[{"name":"wp","href":"https:\/\/api.w.org\/{rel}","templated":true}]}}