{"id":2619,"date":"2025-11-03T17:12:14","date_gmt":"2025-11-03T22:12:14","guid":{"rendered":"https:\/\/www.exportechquebec.ca\/chalet-inc\/?page_id=2619"},"modified":"2025-11-14T11:51:06","modified_gmt":"2025-11-14T16:51:06","slug":"lune-de-miel","status":"publish","type":"page","link":"https:\/\/www.exportechquebec.ca\/chalet-inc\/lune-de-miel\/","title":{"rendered":"Lune de miel"},"content":{"rendered":"\n<h2 class=\"wp-block-heading has-text-color has-link-color wp-elements-66a67284d56d4000c31ca41fab9b493d\" style=\"color:#038454\">LUNE DE MIEL<\/h2>\n\n\n\n<p>Pour un s\u00e9jour en chalet tout \u00e0 fait romantique et relaxant, Exportech Qu\u00e9bec Chalet vous propose son Forfait Lune de Miel!<\/p>\n\n\n\n<div class=\"wp-block-columns is-layout-flex wp-container-core-columns-is-layout-1 wp-block-columns-is-layout-flex\">\n<div class=\"wp-block-column is-layout-flow wp-block-column-is-layout-flow\">\n<p>Tarifs pour 2 adultes incluant:<\/p>\n\n\n\n<div class=\"wp-block-group is-nowrap is-layout-flex wp-container-core-group-is-layout-1 wp-block-group-is-layout-flex\">\n<div style=\"height:100px;width:0px\" aria-hidden=\"true\" class=\"wp-block-spacer wp-container-content-1\"><\/div>\n\n\n\n<ul>\n<li>Location du Pionnier, deux personnes, deux nuits<\/li>\n\n\n\n<li><a href=\"https:\/\/www.exportechquebec.ca\/chalet-inc\/massotherapie\/\" data-type=\"page\" data-id=\"2646\">Massoth\u00e9rapie<\/a> de 60 mn pour deux personnes<\/li>\n\n\n\n<li>Un souper aux chandelles livr\u00e9 au chalet pour deux personnes<\/li>\n\n\n\n<li>Une bouteille de mousseux Prosecco ou de Mocktail<\/li>\n\n\n\n<li>Un petit d\u00e9jeuner livr\u00e9 au chalet comprenant caf\u00e9 ou th\u00e9, jus et 3 viennoiseries par personne<\/li>\n\n\n\n<li>Deux tasses en cadeau souvenir<\/li>\n<\/ul>\n<\/div>\n\n\n\n<blockquote class=\"wp-block-quote is-layout-flow wp-block-quote-is-layout-flow\">\n<p><strong>Forfait de 1 009 $ tout compris*<\/strong><\/p>\n<cite>*Taxes en sus<\/cite><\/blockquote>\n\n\n<style>.wp-block-kadence-advancedbtn.kb-btns2619_75eca5-d5{gap:var(--global-kb-gap-xs, 0.5rem );justify-content:flex-end;align-items:center;}.kt-btns2619_75eca5-d5 .kt-button{font-weight:normal;font-style:normal;}.kt-btns2619_75eca5-d5 .kt-btn-wrap-0{margin-right:5px;}.wp-block-kadence-advancedbtn.kt-btns2619_75eca5-d5 .kt-btn-wrap-0 .kt-button{color:#555555;border-color:#555555;}.wp-block-kadence-advancedbtn.kt-btns2619_75eca5-d5 .kt-btn-wrap-0 .kt-button:hover, .wp-block-kadence-advancedbtn.kt-btns2619_75eca5-d5 .kt-btn-wrap-0 .kt-button:focus{color:#ffffff;border-color:#444444;}.wp-block-kadence-advancedbtn.kt-btns2619_75eca5-d5 .kt-btn-wrap-0 .kt-button::before{display:none;}.wp-block-kadence-advancedbtn.kt-btns2619_75eca5-d5 .kt-btn-wrap-0 .kt-button:hover, .wp-block-kadence-advancedbtn.kt-btns2619_75eca5-d5 .kt-btn-wrap-0 .kt-button:focus{background:#444444;}<\/style>\n<div class=\"wp-block-kadence-advancedbtn kb-buttons-wrap kb-btns2619_75eca5-d5\"><style>ul.menu .wp-block-kadence-advancedbtn .kb-btn2619_384d02-64.kb-button{width:initial;}.wp-block-kadence-advancedbtn .kb-btn2619_384d02-64.kb-button{background:#038454;border-top-left-radius:10px;border-top-right-radius:10px;border-bottom-right-radius:10px;border-bottom-left-radius:10px;}.wp-block-kadence-advancedbtn .kb-btn2619_384d02-64.kb-button:hover, .wp-block-kadence-advancedbtn .kb-btn2619_384d02-64.kb-button:focus{background:#a0db3f;}@media all and (max-width: 1024px){.kb-btn2619_384d02-64.kb-button .kb-svg-icon-wrap{display:block;}}<\/style><a class=\"kb-button kt-button button kb-btn2619_384d02-64 kt-btn-size-standard kt-btn-width-type-auto kb-btn-global-fill kt-btn-has-text-true kt-btn-has-svg-true wp-block-kadence-singlebtn\" href=\"https:\/\/www.exportechquebec.ca\/chalet-inc\/prendre-un-rendez-vous\/\"><span class=\"kb-svg-icon-wrap kb-svg-icon-fe_calendar kt-btn-icon-side-left\"><svg viewBox=\"0 0 24 24\"  fill=\"none\" stroke=\"currentColor\" stroke-width=\"2\" stroke-linecap=\"round\" stroke-linejoin=\"round\" xmlns=\"http:\/\/www.w3.org\/2000\/svg\"  aria-hidden=\"true\"><rect x=\"3\" y=\"4\" width=\"18\" height=\"18\" rx=\"2\" ry=\"2\"\/><line x1=\"16\" y1=\"2\" x2=\"16\" y2=\"6\"\/><line x1=\"8\" y1=\"2\" x2=\"8\" y2=\"6\"\/><line x1=\"3\" y1=\"10\" x2=\"21\" y2=\"10\"\/><\/svg><\/span><span class=\"kt-btn-inner-text\">Prendre un rendez-vous<\/span><\/a><\/div>\n<\/div>\n\n\n\n<div class=\"wp-block-column is-layout-flow wp-block-column-is-layout-flow\"><div class=\"wp-block-image\">\n<figure class=\"aligncenter size-large is-resized\"><img loading=\"lazy\" decoding=\"async\" width=\"1024\" height=\"683\" src=\"http:\/\/www.exportechquebec.ca\/chalet-inc\/wp-content\/uploads\/2025\/11\/IMG_9349_Header-1024x683.jpg\" alt=\"\" class=\"wp-image-2639\" style=\"width:504px;height:auto\" srcset=\"https:\/\/www.exportechquebec.ca\/chalet-inc\/wp-content\/uploads\/2025\/11\/IMG_9349_Header-1024x683.jpg 1024w, https:\/\/www.exportechquebec.ca\/chalet-inc\/wp-content\/uploads\/2025\/11\/IMG_9349_Header-300x200.jpg 300w, https:\/\/www.exportechquebec.ca\/chalet-inc\/wp-content\/uploads\/2025\/11\/IMG_9349_Header-768x512.jpg 768w, https:\/\/www.exportechquebec.ca\/chalet-inc\/wp-content\/uploads\/2025\/11\/IMG_9349_Header-1536x1024.jpg 1536w, https:\/\/www.exportechquebec.ca\/chalet-inc\/wp-content\/uploads\/2025\/11\/IMG_9349_Header-400x267.jpg 400w, https:\/\/www.exportechquebec.ca\/chalet-inc\/wp-content\/uploads\/2025\/11\/IMG_9349_Header-500x333.jpg 500w, https:\/\/www.exportechquebec.ca\/chalet-inc\/wp-content\/uploads\/2025\/11\/IMG_9349_Header-600x400.jpg 600w, https:\/\/www.exportechquebec.ca\/chalet-inc\/wp-content\/uploads\/2025\/11\/IMG_9349_Header.jpg 1920w\" sizes=\"(max-width: 1024px) 100vw, 1024px\" \/><\/figure><\/div><\/div>\n<\/div>\n","protected":false},"excerpt":{"rendered":"<p>LUNE DE MIEL Pour un s\u00e9jour en chalet tout \u00e0 fait romantique et relaxant, Exportech Qu\u00e9bec Chalet vous propose son Forfait Lune de Miel! Tarifs pour 2 adultes incluant: Forfait de 1 009 $ tout compris*<\/p>\n","protected":false},"author":1,"featured_media":0,"parent":0,"menu_order":0,"comment_status":"closed","ping_status":"closed","template":"","meta":{"_acf_changed":false,"_coblocks_attr":"","_coblocks_dimensions":"","_coblocks_responsive_height":"","_coblocks_accordion_ie_support":"","content-type":"","_kadence_starter_templates_imported_post":false,"_kad_post_transparent":"","_kad_post_title":"","_kad_post_layout":"","_kad_post_sidebar_id":"","_kad_post_content_style":"","_kad_post_vertical_padding":"","_kad_post_feature":"","_kad_post_feature_position":"","_kad_post_header":false,"_kad_post_footer":false,"footnotes":""},"acf":[],"_links":{"self":[{"href":"https:\/\/www.exportechquebec.ca\/chalet-inc\/wp-json\/wp\/v2\/pages\/2619"}],"collection":[{"href":"https:\/\/www.exportechquebec.ca\/chalet-inc\/wp-json\/wp\/v2\/pages"}],"about":[{"href":"https:\/\/www.exportechquebec.ca\/chalet-inc\/wp-json\/wp\/v2\/types\/page"}],"author":[{"embeddable":true,"href":"https:\/\/www.exportechquebec.ca\/chalet-inc\/wp-json\/wp\/v2\/users\/1"}],"replies":[{"embeddable":true,"href":"https:\/\/www.exportechquebec.ca\/chalet-inc\/wp-json\/wp\/v2\/comments?post=2619"}],"version-history":[{"count":7,"href":"https:\/\/www.exportechquebec.ca\/chalet-inc\/wp-json\/wp\/v2\/pages\/2619\/revisions"}],"predecessor-version":[{"id":2725,"href":"https:\/\/www.exportechquebec.ca\/chalet-inc\/wp-json\/wp\/v2\/pages\/2619\/revisions\/2725"}],"wp:attachment":[{"href":"https:\/\/www.exportechquebec.ca\/chalet-inc\/wp-json\/wp\/v2\/media?parent=2619"}],"curies":[{"name":"wp","href":"https:\/\/api.w.org\/{rel}","templated":true}]}}