{"id":2614,"date":"2025-10-23T12:17:28","date_gmt":"2025-10-23T16:17:28","guid":{"rendered":"https:\/\/www.exportechquebec.ca\/chalet-inc\/?page_id=2614"},"modified":"2025-11-07T11:42:37","modified_gmt":"2025-11-07T16:42:37","slug":"forfaits","status":"publish","type":"page","link":"https:\/\/www.exportechquebec.ca\/chalet-inc\/forfaits\/","title":{"rendered":"Forfaits"},"content":{"rendered":"\n<h2 class=\"wp-block-heading has-text-align-center has-text-color has-link-color coblocks-animate wp-elements-993c938682c5cd5011005f4432a959b5\" style=\"color:#038454\" data-coblocks-animation=\"zoomIn\">Profitez de nos forfaits cl\u00e9s en main!<\/h2>\n\n\n\n<div class=\"wp-block-columns is-layout-flex wp-container-core-columns-is-layout-2 wp-block-columns-is-layout-flex\">\n<div class=\"wp-block-column is-layout-flow wp-block-column-is-layout-flow\" style=\"flex-basis:100%\">\n<div class=\"wp-block-group is-nowrap is-layout-flex wp-container-core-group-is-layout-2 wp-block-group-is-layout-flex\">\n<div style=\"height:100px;width:0px\" aria-hidden=\"true\" class=\"wp-block-spacer wp-container-content-1\"><\/div>\n\n\n\n<div style=\"height:100px;width:129px\" aria-hidden=\"true\" class=\"wp-block-spacer wp-container-content-2\"><\/div>\n\n\n<style>.kadence-column2614_7d11af-cd > .kt-inside-inner-col,.kadence-column2614_7d11af-cd > .kt-inside-inner-col:before{border-top-left-radius:0px;border-top-right-radius:0px;border-bottom-right-radius:0px;border-bottom-left-radius:0px;}.kadence-column2614_7d11af-cd > .kt-inside-inner-col{column-gap:var(--global-kb-gap-sm, 1rem);}.kadence-column2614_7d11af-cd > .kt-inside-inner-col{flex-direction:column;}.kadence-column2614_7d11af-cd > .kt-inside-inner-col > .aligncenter{width:100%;}.kadence-column2614_7d11af-cd > .kt-inside-inner-col:before{opacity:0.3;}.kadence-column2614_7d11af-cd{position:relative;}@media all and (max-width: 1024px){.kadence-column2614_7d11af-cd > .kt-inside-inner-col{flex-direction:column;}}@media all and (max-width: 767px){.kadence-column2614_7d11af-cd > .kt-inside-inner-col{flex-direction:column;}}<\/style>\n<div class=\"wp-block-kadence-column kadence-column2614_7d11af-cd\"><div class=\"kt-inside-inner-col\">\n<div class=\"wp-block-columns is-layout-flex wp-container-core-columns-is-layout-1 wp-block-columns-is-layout-flex\">\n<div class=\"wp-block-column is-layout-flow wp-block-column-is-layout-flow\" style=\"flex-basis:100%\"><style>.kb-row-layout-id2614_0252f2-a7 > .kt-row-column-wrap{align-content:start;}:where(.kb-row-layout-id2614_0252f2-a7 > .kt-row-column-wrap) > .wp-block-kadence-column{justify-content:start;}.kb-row-layout-id2614_0252f2-a7 > .kt-row-column-wrap{column-gap:var(--global-kb-gap-md, 2rem);row-gap:var(--global-kb-gap-md, 2rem);padding-top:var(--global-kb-spacing-sm, 1.5rem);padding-bottom:var(--global-kb-spacing-sm, 1.5rem);grid-template-columns:minmax(0, 1fr) minmax(0, 2fr);}.kb-row-layout-id2614_0252f2-a7 > .kt-row-layout-overlay{opacity:0.30;}@media all and (max-width: 1024px){.kb-row-layout-id2614_0252f2-a7 > .kt-row-column-wrap{grid-template-columns:minmax(0, 1fr) minmax(0, 2fr);}}@media all and (max-width: 767px){.kb-row-layout-id2614_0252f2-a7 > .kt-row-column-wrap{grid-template-columns:minmax(0, 1fr);}}<\/style><div class=\"kb-row-layout-wrap kb-row-layout-id2614_0252f2-a7 alignnone wp-block-kadence-rowlayout\"><div class=\"kt-row-column-wrap kt-has-2-columns kt-row-layout-right-golden kt-tab-layout-inherit kt-mobile-layout-row kt-row-valign-top\">\n<style>.kadence-column2614_116564-a3 > .kt-inside-inner-col,.kadence-column2614_116564-a3 > .kt-inside-inner-col:before{border-top-left-radius:0px;border-top-right-radius:0px;border-bottom-right-radius:0px;border-bottom-left-radius:0px;}.kadence-column2614_116564-a3 > .kt-inside-inner-col{column-gap:var(--global-kb-gap-sm, 1rem);}.kadence-column2614_116564-a3 > .kt-inside-inner-col{flex-direction:column;}.kadence-column2614_116564-a3 > .kt-inside-inner-col > .aligncenter{width:100%;}.kadence-column2614_116564-a3 > .kt-inside-inner-col:before{opacity:0.3;}.kadence-column2614_116564-a3{position:relative;}@media all and (max-width: 1024px){.kadence-column2614_116564-a3 > .kt-inside-inner-col{flex-direction:column;}}@media all and (max-width: 767px){.kadence-column2614_116564-a3 > .kt-inside-inner-col{flex-direction:column;}}<\/style>\n<div class=\"wp-block-kadence-column kadence-column2614_116564-a3\"><div class=\"kt-inside-inner-col\">\n<h3 class=\"wp-block-heading has-text-color has-link-color wp-elements-7077b7f0f5e328173a75a894fb95892c\" style=\"color:#038454\">LUNE DE MIEL<\/h3>\n\n\n\n<div style=\"height:45px\" aria-hidden=\"true\" class=\"wp-block-spacer\"><\/div>\n\n\n\n<p>Offrez-vous du temps de qualit\u00e9 \u00e0 partager avec l&rsquo;\u00eatre aim\u00e9!<\/p>\n\n\n\n<div style=\"height:20px\" aria-hidden=\"true\" class=\"wp-block-spacer\"><\/div>\n\n\n\n<p><\/p>\n\n\n\n<div class=\"wp-block-group\"><div class=\"wp-block-group__inner-container is-layout-constrained wp-block-group-is-layout-constrained\"><style>.wp-block-kadence-advancedbtn.kb-btns2614_e45001-4f{gap:var(--global-kb-gap-xs, 0.5rem );justify-content:flex-end;align-items:center;}.kt-btns2614_e45001-4f .kt-button{font-weight:normal;font-style:normal;}.kt-btns2614_e45001-4f .kt-btn-wrap-0{margin-right:5px;}.wp-block-kadence-advancedbtn.kt-btns2614_e45001-4f .kt-btn-wrap-0 .kt-button{color:#555555;border-color:#555555;}.wp-block-kadence-advancedbtn.kt-btns2614_e45001-4f .kt-btn-wrap-0 .kt-button:hover, .wp-block-kadence-advancedbtn.kt-btns2614_e45001-4f .kt-btn-wrap-0 .kt-button:focus{color:#ffffff;border-color:#444444;}.wp-block-kadence-advancedbtn.kt-btns2614_e45001-4f .kt-btn-wrap-0 .kt-button::before{display:none;}.wp-block-kadence-advancedbtn.kt-btns2614_e45001-4f .kt-btn-wrap-0 .kt-button:hover, .wp-block-kadence-advancedbtn.kt-btns2614_e45001-4f .kt-btn-wrap-0 .kt-button:focus{background:#444444;}<\/style>\n<div class=\"wp-block-kadence-advancedbtn kb-buttons-wrap kb-btns2614_e45001-4f\"><style>ul.menu .wp-block-kadence-advancedbtn .kb-btn2614_7574b5-c6.kb-button{width:initial;}.wp-block-kadence-advancedbtn .kb-btn2614_7574b5-c6.kb-button{color:#f5f6f5;background:#038454;font-weight:500;}.wp-block-kadence-advancedbtn .kb-btn2614_7574b5-c6.kb-button:hover, .wp-block-kadence-advancedbtn .kb-btn2614_7574b5-c6.kb-button:focus{background:#a0db3f;}@media all and (max-width: 1024px){.kb-btn2614_7574b5-c6.kb-button .kb-svg-icon-wrap{display:block;}}<\/style><a class=\"kb-button kt-button button kb-btn2614_7574b5-c6 kt-btn-size-standard kt-btn-width-type-auto kb-btn-global-fill kt-btn-has-text-true kt-btn-has-svg-false wp-block-kadence-singlebtn\" href=\"https:\/\/www.exportechquebec.ca\/chalet-inc\/lune-de-miel\/\" target=\"_blank\" rel=\"noreferrer noopener\"><span class=\"kt-btn-inner-text\">En savoir plus!<\/span><\/a><\/div>\n<\/div><\/div>\n<\/div><\/div>\n\n\n<style>.kadence-column2614_424c66-7b > .kt-inside-inner-col,.kadence-column2614_424c66-7b > .kt-inside-inner-col:before{border-top-left-radius:0px;border-top-right-radius:0px;border-bottom-right-radius:0px;border-bottom-left-radius:0px;}.kadence-column2614_424c66-7b > .kt-inside-inner-col{column-gap:var(--global-kb-gap-sm, 1rem);}.kadence-column2614_424c66-7b > .kt-inside-inner-col{flex-direction:column;}.kadence-column2614_424c66-7b > .kt-inside-inner-col > .aligncenter{width:100%;}.kadence-column2614_424c66-7b > .kt-inside-inner-col:before{opacity:0.3;}.kadence-column2614_424c66-7b{position:relative;}@media all and (max-width: 1024px){.kadence-column2614_424c66-7b > .kt-inside-inner-col{flex-direction:column;}}@media all and (max-width: 767px){.kadence-column2614_424c66-7b > .kt-inside-inner-col{flex-direction:column;}}<\/style>\n<div class=\"wp-block-kadence-column kadence-column2614_424c66-7b\"><div class=\"kt-inside-inner-col\"><div class=\"wp-block-image\">\n<figure class=\"aligncenter size-large is-resized\"><img loading=\"lazy\" decoding=\"async\" width=\"1024\" height=\"683\" src=\"http:\/\/www.exportechquebec.ca\/chalet-inc\/wp-content\/uploads\/2023\/07\/image00036_2021-06-23-153054_dhvl-1024x683.jpg\" alt=\"\" class=\"wp-image-2481\" style=\"width:443px;height:auto\" srcset=\"https:\/\/www.exportechquebec.ca\/chalet-inc\/wp-content\/uploads\/2023\/07\/image00036_2021-06-23-153054_dhvl-1024x683.jpg 1024w, https:\/\/www.exportechquebec.ca\/chalet-inc\/wp-content\/uploads\/2023\/07\/image00036_2021-06-23-153054_dhvl-300x200.jpg 300w, https:\/\/www.exportechquebec.ca\/chalet-inc\/wp-content\/uploads\/2023\/07\/image00036_2021-06-23-153054_dhvl-768x512.jpg 768w, https:\/\/www.exportechquebec.ca\/chalet-inc\/wp-content\/uploads\/2023\/07\/image00036_2021-06-23-153054_dhvl-1536x1024.jpg 1536w, https:\/\/www.exportechquebec.ca\/chalet-inc\/wp-content\/uploads\/2023\/07\/image00036_2021-06-23-153054_dhvl-400x267.jpg 400w, https:\/\/www.exportechquebec.ca\/chalet-inc\/wp-content\/uploads\/2023\/07\/image00036_2021-06-23-153054_dhvl-500x333.jpg 500w, https:\/\/www.exportechquebec.ca\/chalet-inc\/wp-content\/uploads\/2023\/07\/image00036_2021-06-23-153054_dhvl-600x400.jpg 600w, https:\/\/www.exportechquebec.ca\/chalet-inc\/wp-content\/uploads\/2023\/07\/image00036_2021-06-23-153054_dhvl.jpg 1920w\" sizes=\"(max-width: 1024px) 100vw, 1024px\" \/><\/figure><\/div><\/div><\/div>\n\n<\/div><\/div><\/div>\n<\/div>\n<\/div><\/div>\n<\/div>\n\n\n<style>.kb-row-layout-id2614_9b825d-1a > .kt-row-column-wrap{align-content:start;}:where(.kb-row-layout-id2614_9b825d-1a > .kt-row-column-wrap) > .wp-block-kadence-column{justify-content:start;}.kb-row-layout-id2614_9b825d-1a > .kt-row-column-wrap{column-gap:var(--global-kb-gap-md, 2rem);row-gap:var(--global-kb-gap-md, 2rem);padding-top:var(--global-kb-spacing-sm, 1.5rem);padding-bottom:var(--global-kb-spacing-sm, 1.5rem);grid-template-columns:repeat(2, minmax(0, 1fr));}.kb-row-layout-id2614_9b825d-1a > .kt-row-layout-overlay{opacity:0.30;}@media all and (max-width: 1024px){.kb-row-layout-id2614_9b825d-1a > .kt-row-column-wrap{grid-template-columns:repeat(2, minmax(0, 1fr));}}@media all and (max-width: 767px){.kb-row-layout-id2614_9b825d-1a > .kt-row-column-wrap{grid-template-columns:minmax(0, 1fr);}}<\/style><div class=\"kb-row-layout-wrap kb-row-layout-id2614_9b825d-1a alignnone wp-block-kadence-rowlayout\"><div class=\"kt-row-column-wrap kt-has-2-columns kt-row-layout-equal kt-tab-layout-inherit kt-mobile-layout-row kt-row-valign-top\">\n<style>.kadence-column2614_9aabc1-ea > .kt-inside-inner-col,.kadence-column2614_9aabc1-ea > .kt-inside-inner-col:before{border-top-left-radius:0px;border-top-right-radius:0px;border-bottom-right-radius:0px;border-bottom-left-radius:0px;}.kadence-column2614_9aabc1-ea > .kt-inside-inner-col{column-gap:var(--global-kb-gap-sm, 1rem);}.kadence-column2614_9aabc1-ea > .kt-inside-inner-col{flex-direction:column;}.kadence-column2614_9aabc1-ea > .kt-inside-inner-col > .aligncenter{width:100%;}.kadence-column2614_9aabc1-ea > .kt-inside-inner-col:before{opacity:0.3;}.kadence-column2614_9aabc1-ea{position:relative;}@media all and (max-width: 1024px){.kadence-column2614_9aabc1-ea > .kt-inside-inner-col{flex-direction:column;}}@media all and (max-width: 767px){.kadence-column2614_9aabc1-ea > .kt-inside-inner-col{flex-direction:column;}}<\/style>\n<div class=\"wp-block-kadence-column kadence-column2614_9aabc1-ea\"><div class=\"kt-inside-inner-col\">\n<div class=\"wp-block-group is-nowrap is-layout-flex wp-container-core-group-is-layout-3 wp-block-group-is-layout-flex\">\n<div style=\"height:100px;width:117px\" aria-hidden=\"true\" class=\"wp-block-spacer wp-container-content-3\"><\/div>\n\n\n\n<figure class=\"wp-block-image size-large is-resized\"><img loading=\"lazy\" decoding=\"async\" width=\"1024\" height=\"575\" src=\"http:\/\/www.exportechquebec.ca\/chalet-inc\/wp-content\/uploads\/2025\/11\/PartyFete_38-1024x575.jpg\" alt=\"\" class=\"wp-image-2659\" style=\"width:477px;height:auto\" srcset=\"https:\/\/www.exportechquebec.ca\/chalet-inc\/wp-content\/uploads\/2025\/11\/PartyFete_38-1024x575.jpg 1024w, https:\/\/www.exportechquebec.ca\/chalet-inc\/wp-content\/uploads\/2025\/11\/PartyFete_38-300x169.jpg 300w, https:\/\/www.exportechquebec.ca\/chalet-inc\/wp-content\/uploads\/2025\/11\/PartyFete_38-768x432.jpg 768w, https:\/\/www.exportechquebec.ca\/chalet-inc\/wp-content\/uploads\/2025\/11\/PartyFete_38-1536x863.jpg 1536w, https:\/\/www.exportechquebec.ca\/chalet-inc\/wp-content\/uploads\/2025\/11\/PartyFete_38-400x225.jpg 400w, https:\/\/www.exportechquebec.ca\/chalet-inc\/wp-content\/uploads\/2025\/11\/PartyFete_38-500x281.jpg 500w, https:\/\/www.exportechquebec.ca\/chalet-inc\/wp-content\/uploads\/2025\/11\/PartyFete_38-600x337.jpg 600w, https:\/\/www.exportechquebec.ca\/chalet-inc\/wp-content\/uploads\/2025\/11\/PartyFete_38.jpg 1920w\" sizes=\"(max-width: 1024px) 100vw, 1024px\" \/><\/figure>\n<\/div>\n<\/div><\/div>\n\n\n<style>.kadence-column2614_7d70fa-18 > .kt-inside-inner-col,.kadence-column2614_7d70fa-18 > .kt-inside-inner-col:before{border-top-left-radius:0px;border-top-right-radius:0px;border-bottom-right-radius:0px;border-bottom-left-radius:0px;}.kadence-column2614_7d70fa-18 > .kt-inside-inner-col{column-gap:var(--global-kb-gap-sm, 1rem);}.kadence-column2614_7d70fa-18 > .kt-inside-inner-col{flex-direction:column;}.kadence-column2614_7d70fa-18 > .kt-inside-inner-col > .aligncenter{width:100%;}.kadence-column2614_7d70fa-18 > .kt-inside-inner-col:before{opacity:0.3;}.kadence-column2614_7d70fa-18{position:relative;}@media all and (max-width: 1024px){.kadence-column2614_7d70fa-18 > .kt-inside-inner-col{flex-direction:column;}}@media all and (max-width: 767px){.kadence-column2614_7d70fa-18 > .kt-inside-inner-col{flex-direction:column;}}<\/style>\n<div class=\"wp-block-kadence-column kadence-column2614_7d70fa-18\"><div class=\"kt-inside-inner-col\">\n<h2 class=\"wp-block-heading has-text-color has-link-color wp-elements-91ad785b1be577d74eeaf2adb56623bf\" style=\"color:#038454\">C\u00c9L\u00c9BRATIONS<\/h2>\n\n\n\n<div style=\"height:45px\" aria-hidden=\"true\" class=\"wp-block-spacer\"><\/div>\n\n\n\n<p>Que ce soit pour vos r\u00e9unions festives en famille ou entre amis ou encore pour vos \u00e9quipes de travail, nous vous offrons un cadre chaleureux et authentique dans nos salles de r\u00e9ception multim\u00e9dias.<\/p>\n\n\n\n<div style=\"height:20px\" aria-hidden=\"true\" class=\"wp-block-spacer\"><\/div>\n\n\n<style>.wp-block-kadence-advancedbtn.kb-btns2614_244aaf-09{gap:var(--global-kb-gap-xs, 0.5rem );justify-content:flex-start;align-items:center;}.kt-btns2614_244aaf-09 .kt-button{font-weight:normal;font-style:normal;}.kt-btns2614_244aaf-09 .kt-btn-wrap-0{margin-right:5px;}.wp-block-kadence-advancedbtn.kt-btns2614_244aaf-09 .kt-btn-wrap-0 .kt-button{color:#555555;border-color:#555555;}.wp-block-kadence-advancedbtn.kt-btns2614_244aaf-09 .kt-btn-wrap-0 .kt-button:hover, .wp-block-kadence-advancedbtn.kt-btns2614_244aaf-09 .kt-btn-wrap-0 .kt-button:focus{color:#ffffff;border-color:#444444;}.wp-block-kadence-advancedbtn.kt-btns2614_244aaf-09 .kt-btn-wrap-0 .kt-button::before{display:none;}.wp-block-kadence-advancedbtn.kt-btns2614_244aaf-09 .kt-btn-wrap-0 .kt-button:hover, .wp-block-kadence-advancedbtn.kt-btns2614_244aaf-09 .kt-btn-wrap-0 .kt-button:focus{background:#444444;}<\/style>\n<div class=\"wp-block-kadence-advancedbtn kb-buttons-wrap kb-btns2614_244aaf-09\"><style>ul.menu .wp-block-kadence-advancedbtn .kb-btn2614_2ecca7-dc.kb-button{width:initial;}.wp-block-kadence-advancedbtn .kb-btn2614_2ecca7-dc.kb-button{color:#f5f6f5;background:#038454;font-weight:500;}.wp-block-kadence-advancedbtn .kb-btn2614_2ecca7-dc.kb-button:hover, .wp-block-kadence-advancedbtn .kb-btn2614_2ecca7-dc.kb-button:focus{background:#a0db3f;}@media all and (max-width: 1024px){.kb-btn2614_2ecca7-dc.kb-button .kb-svg-icon-wrap{display:block;}}<\/style><a class=\"kb-button kt-button button kb-btn2614_2ecca7-dc kt-btn-size-standard kt-btn-width-type-auto kb-btn-global-fill kt-btn-has-text-true kt-btn-has-svg-false wp-block-kadence-singlebtn\" href=\"https:\/\/www.exportechquebec.ca\/chalet-inc\/celebrations\/\"><span class=\"kt-btn-inner-text\">En savoir plus!<\/span><\/a><\/div>\n<\/div><\/div>\n\n<\/div><\/div>\n\n<style>.kadence-column2614_d6a600-0d > .kt-inside-inner-col,.kadence-column2614_d6a600-0d > .kt-inside-inner-col:before{border-top-left-radius:0px;border-top-right-radius:0px;border-bottom-right-radius:0px;border-bottom-left-radius:0px;}.kadence-column2614_d6a600-0d > .kt-inside-inner-col{column-gap:var(--global-kb-gap-sm, 1rem);}.kadence-column2614_d6a600-0d > .kt-inside-inner-col{flex-direction:column;}.kadence-column2614_d6a600-0d > .kt-inside-inner-col > .aligncenter{width:100%;}.kadence-column2614_d6a600-0d > .kt-inside-inner-col:before{opacity:0.3;}.kadence-column2614_d6a600-0d{position:relative;}@media all and (max-width: 1024px){.kadence-column2614_d6a600-0d > .kt-inside-inner-col{flex-direction:column;}}@media all and (max-width: 767px){.kadence-column2614_d6a600-0d > .kt-inside-inner-col{flex-direction:column;}}<\/style>\n<div class=\"wp-block-kadence-column kadence-column2614_d6a600-0d\"><div class=\"kt-inside-inner-col\"><\/div><\/div>\n<\/div>\n<\/div>\n","protected":false},"excerpt":{"rendered":"<p>Profitez de nos forfaits cl\u00e9s en main! LUNE DE MIEL Offrez-vous du temps de qualit\u00e9 \u00e0 partager avec l&rsquo;\u00eatre aim\u00e9! C\u00c9L\u00c9BRATIONS Que ce soit pour vos r\u00e9unions festives en famille ou entre amis ou encore pour vos \u00e9quipes de travail, nous vous offrons un cadre chaleureux et authentique dans nos salles de r\u00e9ception multim\u00e9dias.<\/p>\n","protected":false},"author":1,"featured_media":0,"parent":0,"menu_order":0,"comment_status":"closed","ping_status":"closed","template":"","meta":{"_acf_changed":false,"_coblocks_attr":"","_coblocks_dimensions":"","_coblocks_responsive_height":"","_coblocks_accordion_ie_support":"","content-type":"","_kadence_starter_templates_imported_post":false,"_kad_post_transparent":"","_kad_post_title":"","_kad_post_layout":"","_kad_post_sidebar_id":"","_kad_post_content_style":"","_kad_post_vertical_padding":"","_kad_post_feature":"","_kad_post_feature_position":"","_kad_post_header":false,"_kad_post_footer":false,"footnotes":""},"acf":[],"_links":{"self":[{"href":"https:\/\/www.exportechquebec.ca\/chalet-inc\/wp-json\/wp\/v2\/pages\/2614"}],"collection":[{"href":"https:\/\/www.exportechquebec.ca\/chalet-inc\/wp-json\/wp\/v2\/pages"}],"about":[{"href":"https:\/\/www.exportechquebec.ca\/chalet-inc\/wp-json\/wp\/v2\/types\/page"}],"author":[{"embeddable":true,"href":"https:\/\/www.exportechquebec.ca\/chalet-inc\/wp-json\/wp\/v2\/users\/1"}],"replies":[{"embeddable":true,"href":"https:\/\/www.exportechquebec.ca\/chalet-inc\/wp-json\/wp\/v2\/comments?post=2614"}],"version-history":[{"count":17,"href":"https:\/\/www.exportechquebec.ca\/chalet-inc\/wp-json\/wp\/v2\/pages\/2614\/revisions"}],"predecessor-version":[{"id":2674,"href":"https:\/\/www.exportechquebec.ca\/chalet-inc\/wp-json\/wp\/v2\/pages\/2614\/revisions\/2674"}],"wp:attachment":[{"href":"https:\/\/www.exportechquebec.ca\/chalet-inc\/wp-json\/wp\/v2\/media?parent=2614"}],"curies":[{"name":"wp","href":"https:\/\/api.w.org\/{rel}","templated":true}]}}