{"id":2234,"date":"2025-01-30T15:17:18","date_gmt":"2025-01-30T20:17:18","guid":{"rendered":"http:\/\/www.exportechquebec.ca\/chalet-inc\/?page_id=2234"},"modified":"2026-03-25T17:40:42","modified_gmt":"2026-03-25T21:40:42","slug":"prendre-un-rendez-vous","status":"publish","type":"page","link":"https:\/\/www.exportechquebec.ca\/chalet-inc\/prendre-un-rendez-vous\/","title":{"rendered":"Prendre un rendez-vous"},"content":{"rendered":"<style>.kb-row-layout-wrap.wp-block-kadence-rowlayout.kb-row-layout-id2234_ed1d01-f6{margin-bottom:var(--global-kb-spacing-xl, 4rem);}.kb-row-layout-id2234_ed1d01-f6 > .kt-row-column-wrap{align-content:start;}:where(.kb-row-layout-id2234_ed1d01-f6 > .kt-row-column-wrap) > .wp-block-kadence-column{justify-content:start;}.kb-row-layout-id2234_ed1d01-f6 > .kt-row-column-wrap{column-gap:var(--global-kb-gap-md, 2rem);row-gap:var(--global-kb-gap-md, 2rem);padding-top:var(--global-kb-spacing-sm, 1.5rem);padding-bottom:var(--global-kb-spacing-sm, 1.5rem);grid-template-columns:minmax(0, 1fr);}.kb-row-layout-id2234_ed1d01-f6 > .kt-row-layout-overlay{opacity:0.30;}@media all and (max-width: 1024px){.kb-row-layout-id2234_ed1d01-f6 > .kt-row-column-wrap{grid-template-columns:minmax(0, 1fr);}}@media all and (max-width: 767px){.kb-row-layout-id2234_ed1d01-f6 > .kt-row-column-wrap{grid-template-columns:minmax(0, 1fr);}}<\/style><div class=\"kb-row-layout-wrap kb-row-layout-id2234_ed1d01-f6 alignnone wp-block-kadence-rowlayout\"><div class=\"kt-row-column-wrap kt-has-1-columns kt-row-layout-equal kt-tab-layout-inherit kt-mobile-layout-row kt-row-valign-top\">\n<style>.kadence-column2234_9771a1-de > .kt-inside-inner-col,.kadence-column2234_9771a1-de > .kt-inside-inner-col:before{border-top-left-radius:0px;border-top-right-radius:0px;border-bottom-right-radius:0px;border-bottom-left-radius:0px;}.kadence-column2234_9771a1-de > .kt-inside-inner-col{column-gap:var(--global-kb-gap-sm, 1rem);}.kadence-column2234_9771a1-de > .kt-inside-inner-col{flex-direction:column;}.kadence-column2234_9771a1-de > .kt-inside-inner-col > .aligncenter{width:100%;}.kadence-column2234_9771a1-de > .kt-inside-inner-col:before{opacity:0.3;}.kadence-column2234_9771a1-de{position:relative;}.kadence-column2234_9771a1-de, .kt-inside-inner-col > .kadence-column2234_9771a1-de:not(.specificity){margin-bottom:var(--global-kb-spacing-md, 2rem);}@media all and (max-width: 1024px){.kadence-column2234_9771a1-de > .kt-inside-inner-col{flex-direction:column;}}@media all and (max-width: 767px){.kadence-column2234_9771a1-de > .kt-inside-inner-col{flex-direction:column;}}<\/style>\n<div class=\"wp-block-kadence-column kadence-column2234_9771a1-de\"><div class=\"kt-inside-inner-col\">\n<p class=\"has-text-align-center coblocks-animate\" data-coblocks-animation=\"zoomIn\"><strong>Pour toute location d&rsquo;un chalet, r\u00e9servation d&rsquo;une activit\u00e9 plein air dans notre village, r\u00e9servation d&rsquo;une activit\u00e9 corporative ou tout autre service que nous offrons, veuillez prendre un rendez-vous avec l&rsquo;un des membres de notre \u00e9quipe de conseillers en s\u00e9jour<\/strong>.<br><strong><span class=\"uppercase\"><mark style=\"background-color:rgba(0, 0, 0, 0)\" class=\"has-inline-color has-theme-palette-1-color\">Vous pouvez \u00e9galement nous contacter directement par notre syst\u00e8me de clavardage en ligne.<\/mark><\/span><\/strong><\/p>\n<\/div><\/div>\n\n<\/div><\/div>\n\n<div class=\"agents-container\">\r\n\t\t\t\t<figure class=\"agent\">\r\n\t\t\t<div class=\"agent-photo\">\r\n\t\t\t\t<img decoding=\"async\" src=\"https:\/\/www.exportechquebec.ca\/chalet-inc\/wp-content\/uploads\/2023\/09\/logo-image-chalet.jpg\"\/>\r\n\t\t\t<\/div>\r\n\t\t\t<div class=\"agent-nom\">\r\n\t\t\t\t<span>Charlie<\/span>\r\n\t\t\t<\/div>\r\n\t\t\t<div class=\"agent-lang\">\r\n\t\t\t\t<span class=\"libelle\">Parle: <\/span><span class=\"details\">Fran\u00e7ais<\/span>\r\n\t\t\t<\/div>\r\n\t\t\t<div class=\"call-button\">\r\n\t\t\t\t<a href=\"https:\/\/koalendar.com\/e\/charlie-koa2g9GJ\" target=\"_blank\">\r\n\t\t\t\t\t<div class=\"btn-button bgcolor-green\">\r\n\t\t\t\t\t\t<span class=\"btn-button__text\">Prendre rendez-vous<\/span>\r\n\t\t\t\t\t\t<span class=\"btn-button__icon\">\r\n\t\t\t\t\t\t\t<ion-icon name=\"calendar-outline\"><\/ion-icon>\r\n\t\t\t\t\t\t<\/span>\r\n\t\t\t\t\t<\/div>\r\n\t\t\t\t<\/a>\r\n\t\t\t<\/div>\r\n\t\t\t<\/figure>\r\n\t\t\t\t\t<figure class=\"agent\">\r\n\t\t\t<div class=\"agent-photo\">\r\n\t\t\t\t<img decoding=\"async\" src=\"https:\/\/www.exportechquebec.ca\/chalet-inc\/wp-content\/uploads\/2023\/09\/logo-image-chalet.jpg\"\/>\r\n\t\t\t<\/div>\r\n\t\t\t<div class=\"agent-nom\">\r\n\t\t\t\t<span>Dominique<\/span>\r\n\t\t\t<\/div>\r\n\t\t\t<div class=\"agent-lang\">\r\n\t\t\t\t<span class=\"libelle\">Parle: <\/span><span class=\"details\">Fran\u00e7ais, Anglais<\/span>\r\n\t\t\t<\/div>\r\n\t\t\t<div class=\"call-button\">\r\n\t\t\t\t<a href=\"https:\/\/koalendar.com\/u\/3l1k39637o7g2u6l\" target=\"_blank\">\r\n\t\t\t\t\t<div class=\"btn-button bgcolor-green\">\r\n\t\t\t\t\t\t<span class=\"btn-button__text\">Prendre rendez-vous<\/span>\r\n\t\t\t\t\t\t<span class=\"btn-button__icon\">\r\n\t\t\t\t\t\t\t<ion-icon name=\"calendar-outline\"><\/ion-icon>\r\n\t\t\t\t\t\t<\/span>\r\n\t\t\t\t\t<\/div>\r\n\t\t\t\t<\/a>\r\n\t\t\t<\/div>\r\n\t\t\t<\/figure>\r\n\t\t\t\t\t<figure class=\"agent\">\r\n\t\t\t<div class=\"agent-photo\">\r\n\t\t\t\t<img decoding=\"async\" src=\"https:\/\/www.exportechquebec.ca\/chalet-inc\/wp-content\/uploads\/2023\/09\/logo-image-chalet.jpg\"\/>\r\n\t\t\t<\/div>\r\n\t\t\t<div class=\"agent-nom\">\r\n\t\t\t\t<span>Alix<\/span>\r\n\t\t\t<\/div>\r\n\t\t\t<div class=\"agent-lang\">\r\n\t\t\t\t<span class=\"libelle\">Parle: <\/span><span class=\"details\">Fran\u00e7ais<\/span>\r\n\t\t\t<\/div>\r\n\t\t\t<div class=\"call-button\">\r\n\t\t\t\t<a href=\"https:\/\/koalendar.com\/u\/5g4q5b5e6t066o1v\" target=\"_blank\">\r\n\t\t\t\t\t<div class=\"btn-button bgcolor-green\">\r\n\t\t\t\t\t\t<span class=\"btn-button__text\">Prendre rendez-vous<\/span>\r\n\t\t\t\t\t\t<span class=\"btn-button__icon\">\r\n\t\t\t\t\t\t\t<ion-icon name=\"calendar-outline\"><\/ion-icon>\r\n\t\t\t\t\t\t<\/span>\r\n\t\t\t\t\t<\/div>\r\n\t\t\t\t<\/a>\r\n\t\t\t<\/div>\r\n\t\t\t<\/figure>\r\n\t\t\t<\/div>\r\n\r\n\n\n\n<style>.kb-row-layout-id2234_966e43-11 > .kt-row-column-wrap{align-content:start;}:where(.kb-row-layout-id2234_966e43-11 > .kt-row-column-wrap) > .wp-block-kadence-column{justify-content:start;}.kb-row-layout-id2234_966e43-11 > .kt-row-column-wrap{column-gap:var(--global-kb-gap-md, 2rem);row-gap:var(--global-kb-gap-md, 2rem);padding-top:var(--global-kb-spacing-sm, 1.5rem);padding-bottom:var(--global-kb-spacing-sm, 1.5rem);grid-template-columns:minmax(0, 1fr);}.kb-row-layout-id2234_966e43-11 > .kt-row-layout-overlay{opacity:0.30;}@media all and (max-width: 1024px){.kb-row-layout-id2234_966e43-11 > .kt-row-column-wrap{grid-template-columns:minmax(0, 1fr);}}@media all and (max-width: 767px){.kb-row-layout-id2234_966e43-11 > .kt-row-column-wrap{grid-template-columns:minmax(0, 1fr);}}<\/style><div class=\"kb-row-layout-wrap kb-row-layout-id2234_966e43-11 alignnone wp-block-kadence-rowlayout\"><div class=\"kt-row-column-wrap kt-has-1-columns kt-row-layout-equal kt-tab-layout-inherit kt-mobile-layout-row kt-row-valign-top\">\n<style>.kadence-column2234_432b38-f4 > .kt-inside-inner-col,.kadence-column2234_432b38-f4 > .kt-inside-inner-col:before{border-top-left-radius:0px;border-top-right-radius:0px;border-bottom-right-radius:0px;border-bottom-left-radius:0px;}.kadence-column2234_432b38-f4 > .kt-inside-inner-col{column-gap:var(--global-kb-gap-sm, 1rem);}.kadence-column2234_432b38-f4 > .kt-inside-inner-col{flex-direction:column;}.kadence-column2234_432b38-f4 > .kt-inside-inner-col > .aligncenter{width:100%;}.kadence-column2234_432b38-f4 > .kt-inside-inner-col:before{opacity:0.3;}.kadence-column2234_432b38-f4{position:relative;}@media all and (max-width: 1024px){.kadence-column2234_432b38-f4 > .kt-inside-inner-col{flex-direction:column;}}@media all and (max-width: 767px){.kadence-column2234_432b38-f4 > .kt-inside-inner-col{flex-direction:column;}}<\/style>\n<div class=\"wp-block-kadence-column kadence-column2234_432b38-f4\"><div class=\"kt-inside-inner-col\"><style>.wp-block-kadence-advancedheading.kt-adv-heading2234_e6d5b0-d1, .wp-block-kadence-advancedheading.kt-adv-heading2234_e6d5b0-d1[data-kb-block=\"kb-adv-heading2234_e6d5b0-d1\"]{font-style:normal;}.wp-block-kadence-advancedheading.kt-adv-heading2234_e6d5b0-d1 mark.kt-highlight, .wp-block-kadence-advancedheading.kt-adv-heading2234_e6d5b0-d1[data-kb-block=\"kb-adv-heading2234_e6d5b0-d1\"] mark.kt-highlight{font-style:normal;color:#f76a0c;-webkit-box-decoration-break:clone;box-decoration-break:clone;padding-top:0px;padding-right:0px;padding-bottom:0px;padding-left:0px;}<\/style>\n<p class=\"kt-adv-heading2234_e6d5b0-d1 wp-block-kadence-advancedheading\" data-kb-block=\"kb-adv-heading2234_e6d5b0-d1\"><\/p>\n<\/div><\/div>\n\n<\/div><\/div>","protected":false},"excerpt":{"rendered":"<p>Pour toute location d&rsquo;un chalet, r\u00e9servation d&rsquo;une activit\u00e9 plein air dans notre village, r\u00e9servation d&rsquo;une activit\u00e9 corporative ou tout autre service que nous offrons, veuillez prendre un rendez-vous avec l&rsquo;un des membres de notre \u00e9quipe de conseillers en s\u00e9jour.Vous pouvez \u00e9galement nous contacter directement par notre syst\u00e8me de clavardage en ligne.<\/p>\n","protected":false},"author":1,"featured_media":2265,"parent":0,"menu_order":0,"comment_status":"closed","ping_status":"closed","template":"","meta":{"_acf_changed":false,"_coblocks_attr":"","_coblocks_dimensions":"","_coblocks_responsive_height":"","_coblocks_accordion_ie_support":"","content-type":"","_kadence_starter_templates_imported_post":false,"_kad_post_transparent":"","_kad_post_title":"","_kad_post_layout":"","_kad_post_sidebar_id":"","_kad_post_content_style":"","_kad_post_vertical_padding":"show","_kad_post_feature":"","_kad_post_feature_position":"","_kad_post_header":false,"_kad_post_footer":false,"footnotes":""},"acf":[],"_links":{"self":[{"href":"https:\/\/www.exportechquebec.ca\/chalet-inc\/wp-json\/wp\/v2\/pages\/2234"}],"collection":[{"href":"https:\/\/www.exportechquebec.ca\/chalet-inc\/wp-json\/wp\/v2\/pages"}],"about":[{"href":"https:\/\/www.exportechquebec.ca\/chalet-inc\/wp-json\/wp\/v2\/types\/page"}],"author":[{"embeddable":true,"href":"https:\/\/www.exportechquebec.ca\/chalet-inc\/wp-json\/wp\/v2\/users\/1"}],"replies":[{"embeddable":true,"href":"https:\/\/www.exportechquebec.ca\/chalet-inc\/wp-json\/wp\/v2\/comments?post=2234"}],"version-history":[{"count":97,"href":"https:\/\/www.exportechquebec.ca\/chalet-inc\/wp-json\/wp\/v2\/pages\/2234\/revisions"}],"predecessor-version":[{"id":2655,"href":"https:\/\/www.exportechquebec.ca\/chalet-inc\/wp-json\/wp\/v2\/pages\/2234\/revisions\/2655"}],"wp:featuredmedia":[{"embeddable":true,"href":"https:\/\/www.exportechquebec.ca\/chalet-inc\/wp-json\/wp\/v2\/media\/2265"}],"wp:attachment":[{"href":"https:\/\/www.exportechquebec.ca\/chalet-inc\/wp-json\/wp\/v2\/media?parent=2234"}],"curies":[{"name":"wp","href":"https:\/\/api.w.org\/{rel}","templated":true}]}}