{"id":1336,"date":"2023-07-12T17:52:28","date_gmt":"2023-07-12T17:52:28","guid":{"rendered":"http:\/\/www.exportechquebec.ca\/chalet-inc\/?page_id=1336"},"modified":"2023-10-30T10:29:36","modified_gmt":"2023-10-30T14:29:36","slug":"a-propos","status":"publish","type":"page","link":"https:\/\/www.exportechquebec.ca\/chalet-inc\/a-propos\/","title":{"rendered":"\u00c0 propos"},"content":{"rendered":"\n<p>Exportech Qu\u00e9bec est une <strong>entreprise d\u2019entra\u00eenement <\/strong>bas\u00e9e dans la ville de Qu\u00e9bec. Son <strong>entreprise marraine<\/strong>, \u00ab\u00a0<a href=\"https:\/\/www.auchaletenboisrond.com\/\">Au chalet en bois rond<\/a>\u00ab\u00a0, a inspir\u00e9 la cr\u00e9ation de <strong>l\u2019entreprise simul\u00e9e<\/strong> <strong>Exportech Qu\u00e9bec Chalet inc<\/strong>. qui met en march\u00e9 une offre de services vari\u00e9e \u00e0 destination des entreprises d&rsquo;entra\u00eenement du monde entier. <\/p>\n\n\n\n<p>Les participants d\u2019Exportech Qu\u00e9bec peuvent ainsi vivre une <strong>exp\u00e9rience de travail r\u00e9aliste<\/strong>. Tous les d\u00e9partements sont mis \u00e0 contribution pour assurer la p\u00e9rennit\u00e9 de l\u2019entreprise simul\u00e9e sur le <strong>march\u00e9 virtuel des entreprises d&rsquo;entra\u00eenement<\/strong>.\u00a0<\/p>\n\n\n<style>.wp-block-kadence-image.kb-image1336_c749db-e3:not(.kb-specificity-added):not(.kb-extra-specificity-added){margin-top:var(--global-kb-spacing-lg, 3rem);}.kb-image1336_c749db-e3 .kb-image-has-overlay:after{opacity:0.3;}<\/style>\n<div class=\"wp-block-kadence-image kb-image1336_c749db-e3\"><figure class=\"aligncenter size-large\"><img loading=\"lazy\" decoding=\"async\" width=\"1024\" height=\"717\" src=\"http:\/\/www.exportechquebec.ca\/chalet-inc\/wp-content\/uploads\/2023\/07\/diagramme_entreprise_commerciale-1024x717.jpg\" alt=\"diagramme_entreprise_commerciale\" class=\"kb-img wp-image-1554\" srcset=\"https:\/\/www.exportechquebec.ca\/chalet-inc\/wp-content\/uploads\/2023\/07\/diagramme_entreprise_commerciale-1024x717.jpg 1024w, https:\/\/www.exportechquebec.ca\/chalet-inc\/wp-content\/uploads\/2023\/07\/diagramme_entreprise_commerciale-300x210.jpg 300w, https:\/\/www.exportechquebec.ca\/chalet-inc\/wp-content\/uploads\/2023\/07\/diagramme_entreprise_commerciale-768x538.jpg 768w, https:\/\/www.exportechquebec.ca\/chalet-inc\/wp-content\/uploads\/2023\/07\/diagramme_entreprise_commerciale-400x280.jpg 400w, https:\/\/www.exportechquebec.ca\/chalet-inc\/wp-content\/uploads\/2023\/07\/diagramme_entreprise_commerciale-500x350.jpg 500w, https:\/\/www.exportechquebec.ca\/chalet-inc\/wp-content\/uploads\/2023\/07\/diagramme_entreprise_commerciale-600x420.jpg 600w, https:\/\/www.exportechquebec.ca\/chalet-inc\/wp-content\/uploads\/2023\/07\/diagramme_entreprise_commerciale.jpg 1132w\" sizes=\"(max-width: 1024px) 100vw, 1024px\" \/><\/figure><\/div>\n\n\n<style>.wp-block-kadence-column.kb-section-dir-horizontal > .kt-inside-inner-col > .kt-info-box1336_cb0392-fb .kt-blocks-info-box-link-wrap{max-width:unset;}.kt-info-box1336_cb0392-fb .kt-blocks-info-box-link-wrap{border-top:5px solid var(--global-palette7, #eeeeee);border-right:5px solid var(--global-palette7, #eeeeee);border-bottom:5px solid var(--global-palette7, #eeeeee);border-left:5px solid var(--global-palette7, #eeeeee);border-top-left-radius:30px;border-top-right-radius:30px;border-bottom-right-radius:30px;border-bottom-left-radius:30px;background:#ffffff;padding-top:var(--global-kb-spacing-xs, 1rem);padding-right:var(--global-kb-spacing-xs, 1rem);padding-bottom:var(--global-kb-spacing-xs, 1rem);padding-left:var(--global-kb-spacing-xs, 1rem);margin-top:var(--global-kb-spacing-xl, 4rem);}.kt-info-box1336_cb0392-fb.wp-block-kadence-infobox{max-width:100%;}.kt-info-box1336_cb0392-fb .kadence-info-box-image-inner-intrisic-container{max-width:294px;}.kt-info-box1336_cb0392-fb .kadence-info-box-image-inner-intrisic-container .kadence-info-box-image-intrisic{padding-bottom:67.2414%;width:1392px;height:0px;max-width:100%;}.kt-info-box1336_cb0392-fb .kadence-info-box-icon-container .kt-info-svg-icon, .kt-info-box1336_cb0392-fb .kt-info-svg-icon-flip, .kt-info-box1336_cb0392-fb .kt-blocks-info-box-number{font-size:50px;}.kt-info-box1336_cb0392-fb .kt-blocks-info-box-media{border-color:var(--global-palette7, #eeeeee);border-radius:200px;border-top-width:0px;border-right-width:0px;border-bottom-width:0px;border-left-width:0px;padding-top:20px;padding-right:20px;padding-bottom:20px;padding-left:20px;margin-top:0px;margin-right:20px;margin-bottom:0px;margin-left:0px;}.kt-info-box1336_cb0392-fb .kt-blocks-info-box-media .kadence-info-box-image-intrisic img{border-radius:200px;}.kt-info-box1336_cb0392-fb .kt-infobox-textcontent h2.kt-blocks-info-box-title{padding-top:0px;padding-right:0px;padding-bottom:0px;padding-left:0px;margin-top:5px;margin-right:0px;margin-bottom:10px;margin-left:0px;}.kt-info-box1336_cb0392-fb .kt-blocks-info-box-learnmore{background:transparent;border-width:0px 0px 0px 0px;padding-top:4px;padding-right:8px;padding-bottom:4px;padding-left:8px;margin-top:10px;margin-right:0px;margin-bottom:10px;margin-left:0px;}@media all and (max-width: 1024px){.kt-info-box1336_cb0392-fb .kt-blocks-info-box-link-wrap{border-top:5px solid var(--global-palette7, #eeeeee);border-right:5px solid var(--global-palette7, #eeeeee);border-bottom:5px solid var(--global-palette7, #eeeeee);border-left:5px solid var(--global-palette7, #eeeeee);}}@media all and (max-width: 767px){.kt-info-box1336_cb0392-fb .kt-blocks-info-box-link-wrap{border-top:5px solid var(--global-palette7, #eeeeee);border-right:5px solid var(--global-palette7, #eeeeee);border-bottom:5px solid var(--global-palette7, #eeeeee);border-left:5px solid var(--global-palette7, #eeeeee);}}<\/style>\n<div class=\"wp-block-kadence-infobox kt-info-box1336_cb0392-fb\"><a class=\"kt-blocks-info-box-link-wrap info-box-link kt-blocks-info-box-media-align-left kt-info-halign-left\" href=\"https:\/\/www.auchaletenboisrond.com\/\"><div class=\"kt-blocks-info-box-media-container\"><div class=\"kt-blocks-info-box-media kt-info-media-animate-none\"><div class=\"kadence-info-box-image-inner-intrisic-container\"><div class=\"kadence-info-box-image-intrisic kt-info-animate-none\"><div class=\"kadence-info-box-image-inner-intrisic\"><img loading=\"lazy\" decoding=\"async\" src=\"http:\/\/www.exportechquebec.ca\/chalet-inc\/wp-content\/uploads\/2023\/07\/logotype_au_chalet_en_bois_rond.jpg\" alt=\"logo_chalet_en_bois\" width=\"1392\" height=\"936\" class=\"kt-info-box-image wp-image-1562\" srcset=\"https:\/\/www.exportechquebec.ca\/chalet-inc\/wp-content\/uploads\/2023\/07\/logotype_au_chalet_en_bois_rond.jpg 1392w, https:\/\/www.exportechquebec.ca\/chalet-inc\/wp-content\/uploads\/2023\/07\/logotype_au_chalet_en_bois_rond-300x202.jpg 300w, https:\/\/www.exportechquebec.ca\/chalet-inc\/wp-content\/uploads\/2023\/07\/logotype_au_chalet_en_bois_rond-1024x689.jpg 1024w, https:\/\/www.exportechquebec.ca\/chalet-inc\/wp-content\/uploads\/2023\/07\/logotype_au_chalet_en_bois_rond-768x516.jpg 768w, https:\/\/www.exportechquebec.ca\/chalet-inc\/wp-content\/uploads\/2023\/07\/logotype_au_chalet_en_bois_rond-400x269.jpg 400w, https:\/\/www.exportechquebec.ca\/chalet-inc\/wp-content\/uploads\/2023\/07\/logotype_au_chalet_en_bois_rond-500x336.jpg 500w, https:\/\/www.exportechquebec.ca\/chalet-inc\/wp-content\/uploads\/2023\/07\/logotype_au_chalet_en_bois_rond-600x403.jpg 600w\" sizes=\"(max-width: 1392px) 100vw, 1392px\" \/><\/div><\/div><\/div><\/div><\/div><div class=\"kt-infobox-textcontent\"><p class=\"kt-blocks-info-box-text\">Au chalet en bois rond est une entreprise de location de chalets haut de gamme situ\u00e9e \u00e0 Ste-Christine-d&rsquo;Auvergne, dans la r\u00e9gion de Portneuf, offrant des activit\u00e9s de plein air toute l&rsquo;ann\u00e9e, des services (ex: traiteur) ainsi qu&rsquo;un volet \u00e9v\u00e9nementiel (ex: mariage, corporatif).<\/p><\/div><\/a><\/div>\n","protected":false},"excerpt":{"rendered":"<p>Exportech Qu\u00e9bec est une entreprise d\u2019entra\u00eenement bas\u00e9e dans la ville de Qu\u00e9bec. Son entreprise marraine, \u00ab\u00a0Au chalet en bois rond\u00ab\u00a0, a inspir\u00e9 la cr\u00e9ation de l\u2019entreprise simul\u00e9e Exportech Qu\u00e9bec Chalet inc. qui met en march\u00e9 une offre de services vari\u00e9e \u00e0 destination des entreprises d&rsquo;entra\u00eenement du monde entier. Les participants d\u2019Exportech Qu\u00e9bec peuvent ainsi vivre&#8230;<\/p>\n","protected":false},"author":1,"featured_media":0,"parent":0,"menu_order":0,"comment_status":"closed","ping_status":"closed","template":"","meta":{"_acf_changed":false,"_coblocks_attr":"","_coblocks_dimensions":"","_coblocks_responsive_height":"","_coblocks_accordion_ie_support":"","content-type":"","_kadence_starter_templates_imported_post":false,"_kad_post_transparent":"","_kad_post_title":"default","_kad_post_layout":"","_kad_post_sidebar_id":"","_kad_post_content_style":"default","_kad_post_vertical_padding":"","_kad_post_feature":"","_kad_post_feature_position":"","_kad_post_header":false,"_kad_post_footer":false,"footnotes":""},"acf":[],"_links":{"self":[{"href":"https:\/\/www.exportechquebec.ca\/chalet-inc\/wp-json\/wp\/v2\/pages\/1336"}],"collection":[{"href":"https:\/\/www.exportechquebec.ca\/chalet-inc\/wp-json\/wp\/v2\/pages"}],"about":[{"href":"https:\/\/www.exportechquebec.ca\/chalet-inc\/wp-json\/wp\/v2\/types\/page"}],"author":[{"embeddable":true,"href":"https:\/\/www.exportechquebec.ca\/chalet-inc\/wp-json\/wp\/v2\/users\/1"}],"replies":[{"embeddable":true,"href":"https:\/\/www.exportechquebec.ca\/chalet-inc\/wp-json\/wp\/v2\/comments?post=1336"}],"version-history":[{"count":13,"href":"https:\/\/www.exportechquebec.ca\/chalet-inc\/wp-json\/wp\/v2\/pages\/1336\/revisions"}],"predecessor-version":[{"id":2540,"href":"https:\/\/www.exportechquebec.ca\/chalet-inc\/wp-json\/wp\/v2\/pages\/1336\/revisions\/2540"}],"wp:attachment":[{"href":"https:\/\/www.exportechquebec.ca\/chalet-inc\/wp-json\/wp\/v2\/media?parent=1336"}],"curies":[{"name":"wp","href":"https:\/\/api.w.org\/{rel}","templated":true}]}}